{"id":1267,"date":"2022-12-31T11:10:54","date_gmt":"2022-12-31T11:10:54","guid":{"rendered":"https:\/\/alfagenhayvancilik.com\/?page_id=1267"},"modified":"2025-12-25T08:47:28","modified_gmt":"2025-12-25T08:47:28","slug":"hakkimizda","status":"publish","type":"page","link":"https:\/\/alfagenhayvancilik.com\/en\/hakkimizda\/","title":{"rendered":"HAKKIMIZDA"},"content":{"rendered":"<p>[vc_row][vc_column width=&#8221;3\/4&#8243;][vc_column_text]<\/p>\n<section id=\"section-id-1505300240884\" class=\"sppb-section responsive-padding\">\n<div class=\"sppb-row-container\">\n<div class=\"sppb-row\">\n<div id=\"column-wrap-id-1505300240885\" class=\"sppb-col-md-12\">\n<div id=\"column-id-1505300240885\" class=\"sppb-column\">\n<div class=\"sppb-column-addons\">\n<div id=\"sppb-addon-1505300240889\" class=\"clearfix\">\n<div class=\"sppb-addon sppb-addon-image-content aligment-right clearfix \">\n<div class=\"sppb-container\">\n<div class=\"sppb-row\">\n<div class=\"sppb-col-sm-6\">\n<div class=\"sppb-content-holder\">\n<p><span style=\"color: #000000;\">Y\u0131llar boyunca verdi\u011fimiz emek ve \u00f6zveriyle kazand\u0131\u011f\u0131m\u0131z sekt\u00f6r deneyimimizi, s\u00fcrekli geli\u015fen ve b\u00fcy\u00fcyen s\u00fct end\u00fcstrisindeki g\u00fcncel bilgi birikimimizle harmanl\u0131yoruz. Ara\u015ft\u0131rmaya ve yenilenmeye olan tutkumuzu, d\u00fcr\u00fcstl\u00fck ve g\u00fcven ilkelerimizle birle\u015ftirerek \u00fcreticilerimize her zaman en iyisini sunmay\u0131 hedefliyoruz.<\/span><\/p>\n<p><span style=\"color: #000000;\">2021 y\u0131l\u0131nda finans, pazarlama ve akademik alanda deneyimli uzmanlar\u0131n bir araya gelmesiyle kurulan\u00a0<strong>Alfagen Hayvanc\u0131l\u0131k<\/strong>, dam\u0131zl\u0131k de\u011feri y\u00fcksek bo\u011falar\u0131 ke\u015ffederek bu bo\u011falar\u0131n spermalar\u0131n\u0131n tedari\u011fini sa\u011flamakta ve de\u011ferli \u00fcreticilerimize ula\u015ft\u0131rmaktad\u0131r.<\/span><\/p>\n<p><span style=\"color: #000000;\">Bu y\u0131l itibar\u0131yla, d\u00fcnya \u00e7ap\u0131nda genetik alan\u0131nda \u00f6nc\u00fc bir marka olan\u00a0<strong>Direct Global Genetics<\/strong>\u00a0firmas\u0131n\u0131n T\u00fcrkiye ithalat\u00e7\u0131s\u0131 olman\u0131n gururunu ya\u015f\u0131yoruz. Bu i\u015f birli\u011fi sayesinde \u00fcreticilerimize uluslararas\u0131 standartlarda en kaliteli genetik materyalleri sunarak hayvanc\u0131l\u0131k sekt\u00f6r\u00fcnde verimlili\u011fi ve s\u00fcrd\u00fcr\u00fclebilirli\u011fi art\u0131rmay\u0131 ama\u00e7l\u0131yoruz.<\/span><\/p>\n<p><span style=\"color: #000000;\">Alfagen Hayvanc\u0131l\u0131k olarak, yenilik\u00e7i vizyonumuz ve g\u00fc\u00e7l\u00fc i\u015f ortakl\u0131klar\u0131m\u0131zla \u00fcreticilerimizin yan\u0131nda olmaya, onlar\u0131n gelece\u011fini daha sa\u011flam temellere oturtmaya devam ediyoruz.<\/span><\/p>\n<\/div>\n<\/div>\n<\/div>\n<\/div>\n<\/div>\n<\/div>\n<\/div>\n<\/div>\n<\/div>\n<\/div>\n<\/div>\n<\/section>\n<section id=\"section-id-1661448697243\" class=\"sppb-section \"><\/section>\n<p>[\/vc_column_text][vc_empty_space height=&#8221;20&#8243;][\/vc_column][vc_column width=&#8221;1\/4&#8243;][vc_single_image image=&#8221;1487&#8243; img_size=&#8221;full&#8221; alignment=&#8221;center&#8221; style=&#8221;vc_box_outline&#8221; border_color=&#8221;pink&#8221;][vc_empty_space height=&#8221;20&#8243;][\/vc_column][\/vc_row]<\/p>\n","protected":false},"excerpt":{"rendered":"<p>[vc_row][vc_column width=&#8221;3\/4&#8243;][vc_column_text] Y\u0131llar boyunca verdi\u011fimiz emek ve \u00f6zveriyle kazand\u0131\u011f\u0131m\u0131z sekt\u00f6r deneyimimizi, s\u00fcrekli geli\u015fen ve b\u00fcy\u00fcyen s\u00fct end\u00fcstrisindeki g\u00fcncel bilgi birikimimizle harmanl\u0131yoruz. Ara\u015ft\u0131rmaya ve yenilenmeye olan tutkumuzu, d\u00fcr\u00fcstl\u00fck ve g\u00fcven ilkelerimizle birle\u015ftirerek \u00fcreticilerimize her zaman en iyisini sunmay\u0131 hedefliyoruz. 2021 y\u0131l\u0131nda finans, pazarlama ve akademik alanda deneyimli uzmanlar\u0131n bir araya gelmesiyle kurulan\u00a0Alfagen Hayvanc\u0131l\u0131k, dam\u0131zl\u0131k de\u011feri y\u00fcksek [&hellip;]<\/p>\n","protected":false},"author":1,"featured_media":0,"parent":0,"menu_order":0,"comment_status":"closed","ping_status":"closed","template":"","meta":{"footnotes":""},"class_list":["post-1267","page","type-page","status-publish","hentry"],"yoast_head":"<!-- This site is optimized with the Yoast SEO plugin v27.2 - https:\/\/yoast.com\/product\/yoast-seo-wordpress\/ -->\n<title>HAKKIMIZDA - Alfagen Hayvanc\u0131l\u0131k<\/title>\n<meta name=\"robots\" content=\"index, follow, max-snippet:-1, max-image-preview:large, max-video-preview:-1\" \/>\n<link rel=\"canonical\" href=\"https:\/\/alfagenhayvancilik.com\/hakkimizda\/\" \/>\n<meta property=\"og:locale\" content=\"en_US\" \/>\n<meta property=\"og:type\" content=\"article\" \/>\n<meta property=\"og:title\" content=\"HAKKIMIZDA\" \/>\n<meta property=\"og:description\" content=\"[vc_row][vc_column width=&#8221;3\/4&#8243;][vc_column_text] Y\u0131llar boyunca verdi\u011fimiz emek ve \u00f6zveriyle kazand\u0131\u011f\u0131m\u0131z sekt\u00f6r deneyimimizi, s\u00fcrekli geli\u015fen ve b\u00fcy\u00fcyen s\u00fct end\u00fcstrisindeki g\u00fcncel bilgi birikimimizle harmanl\u0131yoruz. Ara\u015ft\u0131rmaya ve yenilenmeye olan tutkumuzu, d\u00fcr\u00fcstl\u00fck ve g\u00fcven ilkelerimizle birle\u015ftirerek \u00fcreticilerimize her zaman en iyisini sunmay\u0131 hedefliyoruz. 2021 y\u0131l\u0131nda finans, pazarlama ve akademik alanda deneyimli uzmanlar\u0131n bir araya gelmesiyle kurulan\u00a0Alfagen Hayvanc\u0131l\u0131k, dam\u0131zl\u0131k de\u011feri y\u00fcksek [&hellip;]\" \/>\n<meta property=\"og:url\" content=\"https:\/\/alfagenhayvancilik.com\/hakkimizda\/\" \/>\n<meta property=\"og:site_name\" content=\"Alfagen Hayvanc\u0131l\u0131k\" \/>\n<meta property=\"article:modified_time\" content=\"2025-12-25T08:47:28+00:00\" \/>\n<meta name=\"twitter:card\" content=\"summary_large_image\" \/>\n<meta name=\"twitter:label1\" content=\"Est. reading time\" \/>\n\t<meta name=\"twitter:data1\" content=\"1 minute\" \/>\n<script type=\"application\/ld+json\" class=\"yoast-schema-graph\">{\"@context\":\"https:\/\/schema.org\",\"@graph\":[{\"@type\":\"WebPage\",\"@id\":\"https:\/\/alfagenhayvancilik.com\/hakkimizda\/\",\"url\":\"https:\/\/alfagenhayvancilik.com\/hakkimizda\/\",\"name\":\"[:tr]HAKKIMIZDA[:] - Alfagen Hayvanc\u0131l\u0131k\",\"isPartOf\":{\"@id\":\"https:\/\/alfagenhayvancilik.com\/#website\"},\"datePublished\":\"2022-12-31T11:10:54+00:00\",\"dateModified\":\"2025-12-25T08:47:28+00:00\",\"breadcrumb\":{\"@id\":\"https:\/\/alfagenhayvancilik.com\/hakkimizda\/#breadcrumb\"},\"inLanguage\":\"en-US\",\"potentialAction\":[{\"@type\":\"ReadAction\",\"target\":[\"https:\/\/alfagenhayvancilik.com\/hakkimizda\/\"]}]},{\"@type\":\"BreadcrumbList\",\"@id\":\"https:\/\/alfagenhayvancilik.com\/hakkimizda\/#breadcrumb\",\"itemListElement\":[{\"@type\":\"ListItem\",\"position\":1,\"name\":\"Anasayfa\",\"item\":\"https:\/\/alfagenhayvancilik.com\/\"},{\"@type\":\"ListItem\",\"position\":2,\"name\":\"HAKKIMIZDA\"}]},{\"@type\":\"WebSite\",\"@id\":\"https:\/\/alfagenhayvancilik.com\/#website\",\"url\":\"https:\/\/alfagenhayvancilik.com\/\",\"name\":\"Alfagen Hayvanc\u0131l\u0131k\",\"description\":\"Holstein Simmental Bo\u011fa Spermalar\u0131\",\"publisher\":{\"@id\":\"https:\/\/alfagenhayvancilik.com\/#organization\"},\"potentialAction\":[{\"@type\":\"SearchAction\",\"target\":{\"@type\":\"EntryPoint\",\"urlTemplate\":\"https:\/\/alfagenhayvancilik.com\/?s={search_term_string}\"},\"query-input\":{\"@type\":\"PropertyValueSpecification\",\"valueRequired\":true,\"valueName\":\"search_term_string\"}}],\"inLanguage\":\"en-US\"},{\"@type\":\"Organization\",\"@id\":\"https:\/\/alfagenhayvancilik.com\/#organization\",\"name\":\"Alfagen Hayvanc\u0131l\u0131k Ltd. \u015eti.\",\"url\":\"https:\/\/alfagenhayvancilik.com\/\",\"logo\":{\"@type\":\"ImageObject\",\"inLanguage\":\"en-US\",\"@id\":\"https:\/\/alfagenhayvancilik.com\/#\/schema\/logo\/image\/\",\"url\":\"https:\/\/alfagenhayvancilik.com\/wp-content\/uploads\/2022\/12\/alfagen-kurumsal-logo2022.png\",\"contentUrl\":\"https:\/\/alfagenhayvancilik.com\/wp-content\/uploads\/2022\/12\/alfagen-kurumsal-logo2022.png\",\"width\":270,\"height\":70,\"caption\":\"Alfagen Hayvanc\u0131l\u0131k Ltd. \u015eti.\"},\"image\":{\"@id\":\"https:\/\/alfagenhayvancilik.com\/#\/schema\/logo\/image\/\"}}]}<\/script>\n<!-- \/ Yoast SEO plugin. -->","yoast_head_json":{"title":"HAKKIMIZDA - Alfagen Hayvanc\u0131l\u0131k","robots":{"index":"index","follow":"follow","max-snippet":"max-snippet:-1","max-image-preview":"max-image-preview:large","max-video-preview":"max-video-preview:-1"},"canonical":"https:\/\/alfagenhayvancilik.com\/hakkimizda\/","og_locale":"en_US","og_type":"article","og_title":"[:tr]HAKKIMIZDA[:] - Alfagen Hayvanc\u0131l\u0131k","og_description":"[vc_row][vc_column width=&#8221;3\/4&#8243;][vc_column_text] Y\u0131llar boyunca verdi\u011fimiz emek ve \u00f6zveriyle kazand\u0131\u011f\u0131m\u0131z sekt\u00f6r deneyimimizi, s\u00fcrekli geli\u015fen ve b\u00fcy\u00fcyen s\u00fct end\u00fcstrisindeki g\u00fcncel bilgi birikimimizle harmanl\u0131yoruz. Ara\u015ft\u0131rmaya ve yenilenmeye olan tutkumuzu, d\u00fcr\u00fcstl\u00fck ve g\u00fcven ilkelerimizle birle\u015ftirerek \u00fcreticilerimize her zaman en iyisini sunmay\u0131 hedefliyoruz. 2021 y\u0131l\u0131nda finans, pazarlama ve akademik alanda deneyimli uzmanlar\u0131n bir araya gelmesiyle kurulan\u00a0Alfagen Hayvanc\u0131l\u0131k, dam\u0131zl\u0131k de\u011feri y\u00fcksek [&hellip;]","og_url":"https:\/\/alfagenhayvancilik.com\/hakkimizda\/","og_site_name":"Alfagen Hayvanc\u0131l\u0131k","article_modified_time":"2025-12-25T08:47:28+00:00","twitter_card":"summary_large_image","twitter_misc":{"Est. reading time":"1 minute"},"schema":{"@context":"https:\/\/schema.org","@graph":[{"@type":"WebPage","@id":"https:\/\/alfagenhayvancilik.com\/hakkimizda\/","url":"https:\/\/alfagenhayvancilik.com\/hakkimizda\/","name":"[:tr]HAKKIMIZDA[:] - Alfagen Hayvanc\u0131l\u0131k","isPartOf":{"@id":"https:\/\/alfagenhayvancilik.com\/#website"},"datePublished":"2022-12-31T11:10:54+00:00","dateModified":"2025-12-25T08:47:28+00:00","breadcrumb":{"@id":"https:\/\/alfagenhayvancilik.com\/hakkimizda\/#breadcrumb"},"inLanguage":"en-US","potentialAction":[{"@type":"ReadAction","target":["https:\/\/alfagenhayvancilik.com\/hakkimizda\/"]}]},{"@type":"BreadcrumbList","@id":"https:\/\/alfagenhayvancilik.com\/hakkimizda\/#breadcrumb","itemListElement":[{"@type":"ListItem","position":1,"name":"Anasayfa","item":"https:\/\/alfagenhayvancilik.com\/"},{"@type":"ListItem","position":2,"name":"HAKKIMIZDA"}]},{"@type":"WebSite","@id":"https:\/\/alfagenhayvancilik.com\/#website","url":"https:\/\/alfagenhayvancilik.com\/","name":"Alfagen Hayvanc\u0131l\u0131k","description":"Holstein Simmental Bo\u011fa Spermalar\u0131","publisher":{"@id":"https:\/\/alfagenhayvancilik.com\/#organization"},"potentialAction":[{"@type":"SearchAction","target":{"@type":"EntryPoint","urlTemplate":"https:\/\/alfagenhayvancilik.com\/?s={search_term_string}"},"query-input":{"@type":"PropertyValueSpecification","valueRequired":true,"valueName":"search_term_string"}}],"inLanguage":"en-US"},{"@type":"Organization","@id":"https:\/\/alfagenhayvancilik.com\/#organization","name":"Alfagen Hayvanc\u0131l\u0131k Ltd. \u015eti.","url":"https:\/\/alfagenhayvancilik.com\/","logo":{"@type":"ImageObject","inLanguage":"en-US","@id":"https:\/\/alfagenhayvancilik.com\/#\/schema\/logo\/image\/","url":"https:\/\/alfagenhayvancilik.com\/wp-content\/uploads\/2022\/12\/alfagen-kurumsal-logo2022.png","contentUrl":"https:\/\/alfagenhayvancilik.com\/wp-content\/uploads\/2022\/12\/alfagen-kurumsal-logo2022.png","width":270,"height":70,"caption":"Alfagen Hayvanc\u0131l\u0131k Ltd. \u015eti."},"image":{"@id":"https:\/\/alfagenhayvancilik.com\/#\/schema\/logo\/image\/"}}]}},"_links":{"self":[{"href":"https:\/\/alfagenhayvancilik.com\/en\/wp-json\/wp\/v2\/pages\/1267","targetHints":{"allow":["GET"]}}],"collection":[{"href":"https:\/\/alfagenhayvancilik.com\/en\/wp-json\/wp\/v2\/pages"}],"about":[{"href":"https:\/\/alfagenhayvancilik.com\/en\/wp-json\/wp\/v2\/types\/page"}],"author":[{"embeddable":true,"href":"https:\/\/alfagenhayvancilik.com\/en\/wp-json\/wp\/v2\/users\/1"}],"replies":[{"embeddable":true,"href":"https:\/\/alfagenhayvancilik.com\/en\/wp-json\/wp\/v2\/comments?post=1267"}],"version-history":[{"count":4,"href":"https:\/\/alfagenhayvancilik.com\/en\/wp-json\/wp\/v2\/pages\/1267\/revisions"}],"predecessor-version":[{"id":1624,"href":"https:\/\/alfagenhayvancilik.com\/en\/wp-json\/wp\/v2\/pages\/1267\/revisions\/1624"}],"wp:attachment":[{"href":"https:\/\/alfagenhayvancilik.com\/en\/wp-json\/wp\/v2\/media?parent=1267"}],"curies":[{"name":"wp","href":"https:\/\/api.w.org\/{rel}","templated":true}]}}