{"id":1276,"date":"2022-12-31T11:30:41","date_gmt":"2022-12-31T11:30:41","guid":{"rendered":"https:\/\/alfagenhayvancilik.com\/?page_id=1276"},"modified":"2024-01-02T10:11:47","modified_gmt":"2024-01-02T10:11:47","slug":"holstein-boga-spermalari-izmir-aydin-manisa","status":"publish","type":"page","link":"https:\/\/alfagenhayvancilik.com\/en\/holstein-boga-spermalari-izmir-aydin-manisa\/","title":{"rendered":"HOLSTEIN"},"content":{"rendered":"<p>[vc_row][vc_column][vc_column_text]<span style=\"color: #000000;\">Click on the link for the online catalogue.<\/span> <a href=\"https:\/\/alfagenhayvancilik.com\/katalog\/\" target=\"_blank\" rel=\"noopener\"><strong>\u201dE-Catalog\u201d<\/strong><\/a><\/p>\n<p><a href=\"https:\/\/alfagenhayvancilik.com\/katalog\/\" target=\"_blank\" rel=\"noopener\"><img loading=\"lazy\" decoding=\"async\" class=\"alignnone wp-image-1610 size-full\" src=\"https:\/\/alfagenhayvancilik.com\/wp-content\/uploads\/2024\/01\/e-catalog-button.png\" alt=\"\" width=\"150\" height=\"39\" srcset=\"https:\/\/alfagenhayvancilik.com\/wp-content\/uploads\/2024\/01\/e-catalog-button.png 150w, https:\/\/alfagenhayvancilik.com\/wp-content\/uploads\/2024\/01\/e-catalog-button-24x6.png 24w, https:\/\/alfagenhayvancilik.com\/wp-content\/uploads\/2024\/01\/e-catalog-button-36x9.png 36w, https:\/\/alfagenhayvancilik.com\/wp-content\/uploads\/2024\/01\/e-catalog-button-48x12.png 48w\" sizes=\"auto, (max-width: 150px) 100vw, 150px\" \/><\/a>[\/vc_column_text][\/vc_column][\/vc_row][vc_row][vc_column width=&#8221;1\/2&#8243;][vc_column_text]<\/p>\n<h3 class=\"sppb-addon-title\" style=\"text-align: center;\"><strong><span style=\"color: #000000;\">JETT<\/span><\/strong><\/h3>\n<p>[\/vc_column_text][vc_single_image image=&#8221;1327&#8243; img_size=&#8221;full&#8221; alignment=&#8221;center&#8221; style=&#8221;vc_box_outline&#8221; border_color=&#8221;pink&#8221;][vc_empty_space height=&#8221;20&#8243;][\/vc_column][vc_column width=&#8221;1\/2&#8243;][vc_column_text]<\/p>\n<h3 class=\"sppb-addon-title\" style=\"text-align: center;\"><strong><span style=\"color: #000000;\">MAIN STAGE<\/span><\/strong><\/h3>\n<p>[\/vc_column_text][vc_single_image image=&#8221;1328&#8243; img_size=&#8221;full&#8221; alignment=&#8221;center&#8221; style=&#8221;vc_box_outline&#8221; border_color=&#8221;pink&#8221;][vc_empty_space height=&#8221;20&#8243;][\/vc_column][\/vc_row][vc_row][vc_column][vc_empty_space height=&#8221;20&#8243;][\/vc_column][\/vc_row][vc_row][vc_column width=&#8221;1\/2&#8243;][vc_column_text]<\/p>\n<h3 class=\"sppb-addon-title\" style=\"text-align: center;\"><strong><span style=\"color: #000000;\">PROSPERO<\/span><\/strong><\/h3>\n<p>[\/vc_column_text][vc_single_image image=&#8221;1329&#8243; img_size=&#8221;full&#8221; alignment=&#8221;center&#8221; style=&#8221;vc_box_outline&#8221; border_color=&#8221;pink&#8221;][vc_empty_space height=&#8221;20&#8243;][\/vc_column][vc_column width=&#8221;1\/2&#8243;][vc_column_text]<\/p>\n<h3 class=\"sppb-addon-title\" style=\"text-align: center;\"><span style=\"color: #000000;\"><b>JARVIS<\/b><\/span><\/h3>\n<p>[\/vc_column_text][vc_single_image image=&#8221;1327&#8243; img_size=&#8221;full&#8221; alignment=&#8221;center&#8221; style=&#8221;vc_box_outline&#8221; border_color=&#8221;pink&#8221;][vc_empty_space height=&#8221;20&#8243;][\/vc_column][\/vc_row][vc_row][vc_column][vc_empty_space height=&#8221;20&#8243;][\/vc_column][\/vc_row][vc_row][vc_column width=&#8221;1\/2&#8243;][vc_column_text]<\/p>\n<h3 class=\"sppb-addon-title\" style=\"text-align: center;\"><strong><span style=\"color: #000000;\">LEEDER<\/span><\/strong><\/h3>\n<p>[\/vc_column_text][vc_single_image image=&#8221;1339&#8243; img_size=&#8221;full&#8221; alignment=&#8221;center&#8221; style=&#8221;vc_box_outline&#8221; border_color=&#8221;pink&#8221;][vc_empty_space height=&#8221;20&#8243;][\/vc_column][vc_column width=&#8221;1\/2&#8243;][vc_column_text]<\/p>\n<h3 class=\"sppb-addon-title\" style=\"text-align: center;\"><span style=\"color: #000000;\"><b>DZUNDA<\/b><\/span><\/h3>\n<p>[\/vc_column_text][vc_single_image image=&#8221;1338&#8243; img_size=&#8221;full&#8221; alignment=&#8221;center&#8221; style=&#8221;vc_box_outline&#8221; border_color=&#8221;pink&#8221;][vc_empty_space height=&#8221;20&#8243;][\/vc_column][\/vc_row][vc_row][vc_column][vc_empty_space height=&#8221;20&#8243;][\/vc_column][\/vc_row][vc_row][vc_column width=&#8221;1\/2&#8243;][vc_column_text]<\/p>\n<h3 class=\"sppb-addon-title\" style=\"text-align: center;\"><span style=\"color: #000000;\"><strong>YOLO<\/strong><\/span><\/h3>\n<p>[\/vc_column_text][vc_single_image image=&#8221;1439&#8243; img_size=&#8221;full&#8221; alignment=&#8221;center&#8221; style=&#8221;vc_box_outline&#8221; border_color=&#8221;pink&#8221;][vc_empty_space height=&#8221;20&#8243;][\/vc_column][vc_column width=&#8221;1\/2&#8243;][vc_column_text]<\/p>\n<h3 class=\"sppb-addon-title\" style=\"text-align: center;\"><span style=\"color: #000000;\"><b>MOLINE<\/b><\/span><\/h3>\n<p>[\/vc_column_text][vc_single_image image=&#8221;1440&#8243; img_size=&#8221;full&#8221; alignment=&#8221;center&#8221; style=&#8221;vc_box_outline&#8221; border_color=&#8221;pink&#8221;][vc_empty_space height=&#8221;20&#8243;][\/vc_column][\/vc_row][vc_row][vc_column][vc_empty_space height=&#8221;20&#8243;][\/vc_column][\/vc_row][vc_row][vc_column width=&#8221;1\/2&#8243;][vc_column_text]<\/p>\n<h3 class=\"sppb-addon-title\" style=\"text-align: center;\"><strong><span style=\"color: #000000;\">MEKI<\/span><\/strong><\/h3>\n<p>[\/vc_column_text][vc_single_image image=&#8221;1441&#8243; img_size=&#8221;full&#8221; alignment=&#8221;center&#8221; style=&#8221;vc_box_outline&#8221; border_color=&#8221;pink&#8221;][vc_empty_space height=&#8221;20&#8243;][\/vc_column][vc_column width=&#8221;1\/2&#8243;][vc_column_text]<\/p>\n<h3 class=\"sppb-addon-title\" style=\"text-align: center;\"><span style=\"color: #000000;\"><b>AUSTAD<\/b><\/span><\/h3>\n<p>[\/vc_column_text][vc_single_image image=&#8221;1442&#8243; img_size=&#8221;full&#8221; alignment=&#8221;center&#8221; style=&#8221;vc_box_outline&#8221; border_color=&#8221;pink&#8221;][vc_empty_space height=&#8221;20&#8243;][\/vc_column][\/vc_row][vc_row][vc_column][vc_empty_space height=&#8221;20&#8243;][\/vc_column][\/vc_row][vc_row][vc_column width=&#8221;1\/2&#8243;][vc_column_text]<\/p>\n<h3 class=\"sppb-addon-title\" style=\"text-align: center;\"><strong><span style=\"color: #000000;\">MONSTER<\/span><\/strong><\/h3>\n<p>[\/vc_column_text][vc_single_image image=&#8221;1443&#8243; img_size=&#8221;full&#8221; alignment=&#8221;center&#8221; style=&#8221;vc_box_outline&#8221; border_color=&#8221;pink&#8221;][vc_empty_space height=&#8221;20&#8243;][\/vc_column][vc_column width=&#8221;1\/2&#8243;][vc_column_text]<\/p>\n<h3 class=\"sppb-addon-title\" style=\"text-align: center;\"><span style=\"color: #000000;\"><b>STALLONE<\/b><\/span><\/h3>\n<p>[\/vc_column_text][vc_single_image image=&#8221;1444&#8243; img_size=&#8221;full&#8221; alignment=&#8221;center&#8221; style=&#8221;vc_box_outline&#8221; border_color=&#8221;pink&#8221;][vc_empty_space height=&#8221;20&#8243;][\/vc_column][\/vc_row][vc_row][vc_column][vc_empty_space height=&#8221;20&#8243;][\/vc_column][\/vc_row][vc_row][vc_column width=&#8221;1\/2&#8243;][vc_column_text]<\/p>\n<h3 class=\"sppb-addon-title\" style=\"text-align: center;\"><strong><span style=\"color: #000000;\">SANJAY<\/span><\/strong><\/h3>\n<p>[\/vc_column_text][vc_single_image image=&#8221;1445&#8243; img_size=&#8221;full&#8221; alignment=&#8221;center&#8221; style=&#8221;vc_box_outline&#8221; border_color=&#8221;pink&#8221;][vc_empty_space height=&#8221;20&#8243;][\/vc_column][vc_column width=&#8221;1\/2&#8243;][vc_column_text]<\/p>\n<h3 class=\"sppb-addon-title\" style=\"text-align: center;\"><span style=\"color: #000000;\"><b>BELIEVE<\/b><\/span><\/h3>\n<p>[\/vc_column_text][vc_single_image image=&#8221;1446&#8243; img_size=&#8221;full&#8221; alignment=&#8221;center&#8221; style=&#8221;vc_box_outline&#8221; border_color=&#8221;pink&#8221;][vc_empty_space height=&#8221;20&#8243;][\/vc_column][\/vc_row][vc_row][vc_column][vc_empty_space height=&#8221;20&#8243;][\/vc_column][\/vc_row][vc_row][vc_column width=&#8221;1\/2&#8243;][vc_column_text]<\/p>\n<h3 class=\"sppb-addon-title\" style=\"text-align: center;\"><strong><span style=\"color: #000000;\">GARRISON<\/span><\/strong><\/h3>\n<p>[\/vc_column_text][vc_single_image image=&#8221;1447&#8243; img_size=&#8221;full&#8221; alignment=&#8221;center&#8221; style=&#8221;vc_box_outline&#8221; border_color=&#8221;pink&#8221;][vc_empty_space height=&#8221;20&#8243;][\/vc_column][vc_column width=&#8221;1\/2&#8243;][vc_column_text]<\/p>\n<h3 class=\"sppb-addon-title\" style=\"text-align: center;\"><span style=\"color: #000000;\"><b>TIESTO<\/b><\/span><\/h3>\n<p>[\/vc_column_text][vc_single_image image=&#8221;1448&#8243; img_size=&#8221;full&#8221; alignment=&#8221;center&#8221; style=&#8221;vc_box_outline&#8221; border_color=&#8221;pink&#8221;][vc_empty_space height=&#8221;20&#8243;][\/vc_column][\/vc_row][vc_row][vc_column][vc_empty_space height=&#8221;20&#8243;][\/vc_column][\/vc_row][vc_row][vc_column width=&#8221;1\/2&#8243;][vc_column_text]<\/p>\n<h3 class=\"sppb-addon-title\" style=\"text-align: center;\"><strong><span style=\"color: #000000;\">SETON<\/span><\/strong><\/h3>\n<p>[\/vc_column_text][vc_single_image image=&#8221;1449&#8243; img_size=&#8221;full&#8221; alignment=&#8221;center&#8221; style=&#8221;vc_box_outline&#8221; border_color=&#8221;pink&#8221;][vc_empty_space height=&#8221;20&#8243;][\/vc_column][vc_column width=&#8221;1\/2&#8243;][vc_column_text]<\/p>\n<h3 class=\"sppb-addon-title\" style=\"text-align: center;\"><span style=\"color: #000000;\"><b>DANGER<\/b><\/span><\/h3>\n<p>[\/vc_column_text][vc_single_image image=&#8221;1450&#8243; img_size=&#8221;full&#8221; alignment=&#8221;center&#8221; style=&#8221;vc_box_outline&#8221; border_color=&#8221;pink&#8221;][vc_empty_space height=&#8221;20&#8243;][\/vc_column][\/vc_row][vc_row][vc_column][vc_empty_space height=&#8221;20&#8243;][\/vc_column][\/vc_row][vc_row][vc_column width=&#8221;1\/2&#8243;][vc_column_text]<\/p>\n<h3 class=\"sppb-addon-title\" style=\"text-align: center;\"><strong><span style=\"color: #000000;\">SHERO<\/span><\/strong><\/h3>\n<p>[\/vc_column_text][vc_single_image image=&#8221;1451&#8243; img_size=&#8221;full&#8221; alignment=&#8221;center&#8221; style=&#8221;vc_box_outline&#8221; border_color=&#8221;pink&#8221;][vc_empty_space height=&#8221;20&#8243;][\/vc_column][vc_column width=&#8221;1\/2&#8243;][vc_column_text]<\/p>\n<h3 class=\"sppb-addon-title\" style=\"text-align: center;\"><span style=\"color: #000000;\"><b>MASTERMIND<\/b><\/span><\/h3>\n<p>[\/vc_column_text][vc_single_image image=&#8221;1452&#8243; img_size=&#8221;full&#8221; alignment=&#8221;center&#8221; style=&#8221;vc_box_outline&#8221; border_color=&#8221;pink&#8221;][vc_empty_space height=&#8221;20&#8243;][\/vc_column][\/vc_row][vc_row][vc_column][vc_empty_space height=&#8221;20&#8243;][\/vc_column][\/vc_row][vc_row][vc_column width=&#8221;1\/2&#8243;][vc_column_text]<\/p>\n<h3 class=\"sppb-addon-title\" style=\"text-align: center;\"><strong><span style=\"color: #000000;\">DRAGON<\/span><\/strong><\/h3>\n<p>[\/vc_column_text][vc_single_image image=&#8221;1473&#8243; img_size=&#8221;full&#8221; alignment=&#8221;center&#8221; style=&#8221;vc_box_outline&#8221; border_color=&#8221;pink&#8221;][vc_empty_space height=&#8221;20&#8243;][\/vc_column][vc_column width=&#8221;1\/2&#8243;][vc_column_text]<\/p>\n<h3 class=\"sppb-addon-title\" style=\"text-align: center;\"><span style=\"color: #000000;\"><b>MONTANA<\/b><\/span><\/h3>\n<p>[\/vc_column_text][vc_single_image image=&#8221;1454&#8243; img_size=&#8221;full&#8221; alignment=&#8221;center&#8221; style=&#8221;vc_box_outline&#8221; border_color=&#8221;pink&#8221;][vc_empty_space height=&#8221;20&#8243;][\/vc_column][\/vc_row][vc_row][vc_column][vc_empty_space height=&#8221;20&#8243;][\/vc_column][\/vc_row][vc_row][vc_column width=&#8221;1\/2&#8243;][vc_column_text]<\/p>\n<h3 class=\"sppb-addon-title\" style=\"text-align: center;\"><strong><span style=\"color: #000000;\">MARDI GRAS<\/span><\/strong><\/h3>\n<p>[\/vc_column_text][vc_single_image image=&#8221;1455&#8243; img_size=&#8221;full&#8221; alignment=&#8221;center&#8221; style=&#8221;vc_box_outline&#8221; border_color=&#8221;pink&#8221;][vc_empty_space height=&#8221;20&#8243;][\/vc_column][vc_column width=&#8221;1\/2&#8243;][vc_column_text]<\/p>\n<h3 class=\"sppb-addon-title\" style=\"text-align: center;\"><span style=\"color: #000000;\"><b>DEMAN<\/b><\/span><\/h3>\n<p>[\/vc_column_text][vc_single_image image=&#8221;1456&#8243; img_size=&#8221;full&#8221; alignment=&#8221;center&#8221; style=&#8221;vc_box_outline&#8221; border_color=&#8221;pink&#8221;][vc_empty_space height=&#8221;20&#8243;][\/vc_column][\/vc_row][vc_row][vc_column][vc_empty_space height=&#8221;20&#8243;][\/vc_column][\/vc_row][vc_row][vc_column width=&#8221;1\/2&#8243;][vc_column_text]<\/p>\n<h3 class=\"sppb-addon-title\" style=\"text-align: center;\"><strong><span style=\"color: #000000;\">NETWORK &#8211; RED<\/span><\/strong><\/h3>\n<p>[\/vc_column_text][vc_single_image image=&#8221;1475&#8243; img_size=&#8221;full&#8221; alignment=&#8221;center&#8221; style=&#8221;vc_box_outline&#8221; border_color=&#8221;pink&#8221;][vc_empty_space height=&#8221;20&#8243;][\/vc_column][vc_column width=&#8221;1\/2&#8243;][vc_column_text]<\/p>\n<h3 class=\"sppb-addon-title\" style=\"text-align: center;\"><span style=\"color: #000000;\"><b>PITCHER<\/b><\/span><\/h3>\n<p>[\/vc_column_text][vc_single_image image=&#8221;1458&#8243; img_size=&#8221;full&#8221; alignment=&#8221;center&#8221; style=&#8221;vc_box_outline&#8221; border_color=&#8221;pink&#8221;][vc_empty_space height=&#8221;20&#8243;][\/vc_column][\/vc_row]<\/p>\n","protected":false},"excerpt":{"rendered":"<p>[vc_row][vc_column][vc_column_text]Click on the link for the online catalogue. \u201dE-Catalog\u201d [\/vc_column_text][\/vc_column][\/vc_row][vc_row][vc_column width=&#8221;1\/2&#8243;][vc_column_text] JETT [\/vc_column_text][vc_single_image image=&#8221;1327&#8243; img_size=&#8221;full&#8221; alignment=&#8221;center&#8221; style=&#8221;vc_box_outline&#8221; border_color=&#8221;pink&#8221;][vc_empty_space height=&#8221;20&#8243;][\/vc_column][vc_column width=&#8221;1\/2&#8243;][vc_column_text] MAIN STAGE [\/vc_column_text][vc_single_image image=&#8221;1328&#8243; img_size=&#8221;full&#8221; alignment=&#8221;center&#8221; style=&#8221;vc_box_outline&#8221; border_color=&#8221;pink&#8221;][vc_empty_space height=&#8221;20&#8243;][\/vc_column][\/vc_row][vc_row][vc_column][vc_empty_space height=&#8221;20&#8243;][\/vc_column][\/vc_row][vc_row][vc_column width=&#8221;1\/2&#8243;][vc_column_text] PROSPERO [\/vc_column_text][vc_single_image image=&#8221;1329&#8243; img_size=&#8221;full&#8221; alignment=&#8221;center&#8221; style=&#8221;vc_box_outline&#8221; border_color=&#8221;pink&#8221;][vc_empty_space height=&#8221;20&#8243;][\/vc_column][vc_column width=&#8221;1\/2&#8243;][vc_column_text] JARVIS [\/vc_column_text][vc_single_image image=&#8221;1327&#8243; img_size=&#8221;full&#8221; alignment=&#8221;center&#8221; style=&#8221;vc_box_outline&#8221; border_color=&#8221;pink&#8221;][vc_empty_space height=&#8221;20&#8243;][\/vc_column][\/vc_row][vc_row][vc_column][vc_empty_space height=&#8221;20&#8243;][\/vc_column][\/vc_row][vc_row][vc_column width=&#8221;1\/2&#8243;][vc_column_text] LEEDER [\/vc_column_text][vc_single_image image=&#8221;1339&#8243; img_size=&#8221;full&#8221; alignment=&#8221;center&#8221; [&hellip;]<\/p>\n","protected":false},"author":1,"featured_media":0,"parent":0,"menu_order":0,"comment_status":"closed","ping_status":"closed","template":"","meta":{"footnotes":""},"class_list":["post-1276","page","type-page","status-publish","hentry"],"yoast_head":"<!-- This site is optimized with the Yoast SEO plugin v27.2 - https:\/\/yoast.com\/product\/yoast-seo-wordpress\/ -->\n<title>Holstein Bo\u011fa Spermalar\u0131 Sat\u0131\u015f, Destek ve Dan\u0131\u015fmanl\u0131k Hizmetleri<\/title>\n<meta name=\"description\" content=\"Holstein bo\u011fa spermalar\u0131, \u0130zmir, Ayd\u0131n, Mu\u011fla, Bal\u0131kesir, U\u015fak, Manisa, sat\u0131\u015f, destek ve dan\u0131\u015fmanl\u0131k hizmetleri.\" \/>\n<meta name=\"robots\" content=\"index, follow, max-snippet:-1, max-image-preview:large, max-video-preview:-1\" \/>\n<link rel=\"canonical\" href=\"https:\/\/alfagenhayvancilik.com\/en\/holstein-boga-spermalari-izmir-aydin-manisa\/\" \/>\n<meta property=\"og:locale\" content=\"en_US\" \/>\n<meta property=\"og:type\" content=\"article\" \/>\n<meta property=\"og:title\" content=\"Holstein Bo\u011fa Spermalar\u0131 Sat\u0131\u015f, Destek ve Dan\u0131\u015fmanl\u0131k Hizmetleri\" \/>\n<meta property=\"og:description\" content=\"Holstein bo\u011fa spermalar\u0131, \u0130zmir, Ayd\u0131n, Mu\u011fla, Bal\u0131kesir, U\u015fak, Manisa, sat\u0131\u015f, destek ve dan\u0131\u015fmanl\u0131k hizmetleri.\" \/>\n<meta property=\"og:url\" content=\"https:\/\/alfagenhayvancilik.com\/en\/holstein-boga-spermalari-izmir-aydin-manisa\/\" \/>\n<meta property=\"og:site_name\" content=\"Alfagen Hayvanc\u0131l\u0131k\" \/>\n<meta property=\"article:modified_time\" content=\"2024-01-02T10:11:47+00:00\" \/>\n<meta property=\"og:image\" content=\"https:\/\/alfagenhayvancilik.com\/wp-content\/uploads\/2023\/12\/e-katalog-alfagen.png\" \/>\n<meta name=\"twitter:card\" content=\"summary_large_image\" \/>\n<meta name=\"twitter:label1\" content=\"Est. reading time\" \/>\n\t<meta name=\"twitter:data1\" content=\"5 minutes\" \/>\n<script type=\"application\/ld+json\" class=\"yoast-schema-graph\">{\"@context\":\"https:\/\/schema.org\",\"@graph\":[{\"@type\":\"WebPage\",\"@id\":\"https:\/\/alfagenhayvancilik.com\/en\/holstein-boga-spermalari-izmir-aydin-manisa\/\",\"url\":\"https:\/\/alfagenhayvancilik.com\/en\/holstein-boga-spermalari-izmir-aydin-manisa\/\",\"name\":\"Holstein Bo\u011fa Spermalar\u0131 Sat\u0131\u015f, Destek ve Dan\u0131\u015fmanl\u0131k Hizmetleri\",\"isPartOf\":{\"@id\":\"https:\/\/alfagenhayvancilik.com\/#website\"},\"primaryImageOfPage\":{\"@id\":\"https:\/\/alfagenhayvancilik.com\/en\/holstein-boga-spermalari-izmir-aydin-manisa\/#primaryimage\"},\"image\":{\"@id\":\"https:\/\/alfagenhayvancilik.com\/en\/holstein-boga-spermalari-izmir-aydin-manisa\/#primaryimage\"},\"thumbnailUrl\":\"https:\/\/alfagenhayvancilik.com\/wp-content\/uploads\/2023\/12\/e-katalog-alfagen.png\",\"datePublished\":\"2022-12-31T11:30:41+00:00\",\"dateModified\":\"2024-01-02T10:11:47+00:00\",\"description\":\"Holstein bo\u011fa spermalar\u0131, \u0130zmir, Ayd\u0131n, Mu\u011fla, Bal\u0131kesir, U\u015fak, Manisa, sat\u0131\u015f, destek ve dan\u0131\u015fmanl\u0131k hizmetleri.\",\"breadcrumb\":{\"@id\":\"https:\/\/alfagenhayvancilik.com\/en\/holstein-boga-spermalari-izmir-aydin-manisa\/#breadcrumb\"},\"inLanguage\":\"en-US\",\"potentialAction\":[{\"@type\":\"ReadAction\",\"target\":[\"https:\/\/alfagenhayvancilik.com\/en\/holstein-boga-spermalari-izmir-aydin-manisa\/\"]}]},{\"@type\":\"ImageObject\",\"inLanguage\":\"en-US\",\"@id\":\"https:\/\/alfagenhayvancilik.com\/en\/holstein-boga-spermalari-izmir-aydin-manisa\/#primaryimage\",\"url\":\"https:\/\/alfagenhayvancilik.com\/wp-content\/uploads\/2023\/12\/e-katalog-alfagen.png\",\"contentUrl\":\"https:\/\/alfagenhayvancilik.com\/wp-content\/uploads\/2023\/12\/e-katalog-alfagen.png\"},{\"@type\":\"BreadcrumbList\",\"@id\":\"https:\/\/alfagenhayvancilik.com\/en\/holstein-boga-spermalari-izmir-aydin-manisa\/#breadcrumb\",\"itemListElement\":[{\"@type\":\"ListItem\",\"position\":1,\"name\":\"Anasayfa\",\"item\":\"https:\/\/alfagenhayvancilik.com\/\"},{\"@type\":\"ListItem\",\"position\":2,\"name\":\"HOLSTEIN\"}]},{\"@type\":\"WebSite\",\"@id\":\"https:\/\/alfagenhayvancilik.com\/#website\",\"url\":\"https:\/\/alfagenhayvancilik.com\/\",\"name\":\"Alfagen Hayvanc\u0131l\u0131k\",\"description\":\"Holstein Simmental Bo\u011fa Spermalar\u0131\",\"publisher\":{\"@id\":\"https:\/\/alfagenhayvancilik.com\/#organization\"},\"potentialAction\":[{\"@type\":\"SearchAction\",\"target\":{\"@type\":\"EntryPoint\",\"urlTemplate\":\"https:\/\/alfagenhayvancilik.com\/?s={search_term_string}\"},\"query-input\":{\"@type\":\"PropertyValueSpecification\",\"valueRequired\":true,\"valueName\":\"search_term_string\"}}],\"inLanguage\":\"en-US\"},{\"@type\":\"Organization\",\"@id\":\"https:\/\/alfagenhayvancilik.com\/#organization\",\"name\":\"Alfagen Hayvanc\u0131l\u0131k Ltd. \u015eti.\",\"url\":\"https:\/\/alfagenhayvancilik.com\/\",\"logo\":{\"@type\":\"ImageObject\",\"inLanguage\":\"en-US\",\"@id\":\"https:\/\/alfagenhayvancilik.com\/#\/schema\/logo\/image\/\",\"url\":\"https:\/\/alfagenhayvancilik.com\/wp-content\/uploads\/2022\/12\/alfagen-kurumsal-logo2022.png\",\"contentUrl\":\"https:\/\/alfagenhayvancilik.com\/wp-content\/uploads\/2022\/12\/alfagen-kurumsal-logo2022.png\",\"width\":270,\"height\":70,\"caption\":\"Alfagen Hayvanc\u0131l\u0131k Ltd. \u015eti.\"},\"image\":{\"@id\":\"https:\/\/alfagenhayvancilik.com\/#\/schema\/logo\/image\/\"}}]}<\/script>\n<!-- \/ Yoast SEO plugin. -->","yoast_head_json":{"title":"Holstein Bo\u011fa Spermalar\u0131 Sat\u0131\u015f, Destek ve Dan\u0131\u015fmanl\u0131k Hizmetleri","description":"Holstein bo\u011fa spermalar\u0131, \u0130zmir, Ayd\u0131n, Mu\u011fla, Bal\u0131kesir, U\u015fak, Manisa, sat\u0131\u015f, destek ve dan\u0131\u015fmanl\u0131k hizmetleri.","robots":{"index":"index","follow":"follow","max-snippet":"max-snippet:-1","max-image-preview":"max-image-preview:large","max-video-preview":"max-video-preview:-1"},"canonical":"https:\/\/alfagenhayvancilik.com\/en\/holstein-boga-spermalari-izmir-aydin-manisa\/","og_locale":"en_US","og_type":"article","og_title":"Holstein Bo\u011fa Spermalar\u0131 Sat\u0131\u015f, Destek ve Dan\u0131\u015fmanl\u0131k Hizmetleri","og_description":"Holstein bo\u011fa spermalar\u0131, \u0130zmir, Ayd\u0131n, Mu\u011fla, Bal\u0131kesir, U\u015fak, Manisa, sat\u0131\u015f, destek ve dan\u0131\u015fmanl\u0131k hizmetleri.","og_url":"https:\/\/alfagenhayvancilik.com\/en\/holstein-boga-spermalari-izmir-aydin-manisa\/","og_site_name":"Alfagen Hayvanc\u0131l\u0131k","article_modified_time":"2024-01-02T10:11:47+00:00","og_image":[{"url":"https:\/\/alfagenhayvancilik.com\/wp-content\/uploads\/2023\/12\/e-katalog-alfagen.png","type":"","width":"","height":""}],"twitter_card":"summary_large_image","twitter_misc":{"Est. reading time":"5 minutes"},"schema":{"@context":"https:\/\/schema.org","@graph":[{"@type":"WebPage","@id":"https:\/\/alfagenhayvancilik.com\/en\/holstein-boga-spermalari-izmir-aydin-manisa\/","url":"https:\/\/alfagenhayvancilik.com\/en\/holstein-boga-spermalari-izmir-aydin-manisa\/","name":"Holstein Bo\u011fa Spermalar\u0131 Sat\u0131\u015f, Destek ve Dan\u0131\u015fmanl\u0131k Hizmetleri","isPartOf":{"@id":"https:\/\/alfagenhayvancilik.com\/#website"},"primaryImageOfPage":{"@id":"https:\/\/alfagenhayvancilik.com\/en\/holstein-boga-spermalari-izmir-aydin-manisa\/#primaryimage"},"image":{"@id":"https:\/\/alfagenhayvancilik.com\/en\/holstein-boga-spermalari-izmir-aydin-manisa\/#primaryimage"},"thumbnailUrl":"https:\/\/alfagenhayvancilik.com\/wp-content\/uploads\/2023\/12\/e-katalog-alfagen.png","datePublished":"2022-12-31T11:30:41+00:00","dateModified":"2024-01-02T10:11:47+00:00","description":"Holstein bo\u011fa spermalar\u0131, \u0130zmir, Ayd\u0131n, Mu\u011fla, Bal\u0131kesir, U\u015fak, Manisa, sat\u0131\u015f, destek ve dan\u0131\u015fmanl\u0131k hizmetleri.","breadcrumb":{"@id":"https:\/\/alfagenhayvancilik.com\/en\/holstein-boga-spermalari-izmir-aydin-manisa\/#breadcrumb"},"inLanguage":"en-US","potentialAction":[{"@type":"ReadAction","target":["https:\/\/alfagenhayvancilik.com\/en\/holstein-boga-spermalari-izmir-aydin-manisa\/"]}]},{"@type":"ImageObject","inLanguage":"en-US","@id":"https:\/\/alfagenhayvancilik.com\/en\/holstein-boga-spermalari-izmir-aydin-manisa\/#primaryimage","url":"https:\/\/alfagenhayvancilik.com\/wp-content\/uploads\/2023\/12\/e-katalog-alfagen.png","contentUrl":"https:\/\/alfagenhayvancilik.com\/wp-content\/uploads\/2023\/12\/e-katalog-alfagen.png"},{"@type":"BreadcrumbList","@id":"https:\/\/alfagenhayvancilik.com\/en\/holstein-boga-spermalari-izmir-aydin-manisa\/#breadcrumb","itemListElement":[{"@type":"ListItem","position":1,"name":"Anasayfa","item":"https:\/\/alfagenhayvancilik.com\/"},{"@type":"ListItem","position":2,"name":"HOLSTEIN"}]},{"@type":"WebSite","@id":"https:\/\/alfagenhayvancilik.com\/#website","url":"https:\/\/alfagenhayvancilik.com\/","name":"Alfagen Hayvanc\u0131l\u0131k","description":"Holstein Simmental Bo\u011fa Spermalar\u0131","publisher":{"@id":"https:\/\/alfagenhayvancilik.com\/#organization"},"potentialAction":[{"@type":"SearchAction","target":{"@type":"EntryPoint","urlTemplate":"https:\/\/alfagenhayvancilik.com\/?s={search_term_string}"},"query-input":{"@type":"PropertyValueSpecification","valueRequired":true,"valueName":"search_term_string"}}],"inLanguage":"en-US"},{"@type":"Organization","@id":"https:\/\/alfagenhayvancilik.com\/#organization","name":"Alfagen Hayvanc\u0131l\u0131k Ltd. \u015eti.","url":"https:\/\/alfagenhayvancilik.com\/","logo":{"@type":"ImageObject","inLanguage":"en-US","@id":"https:\/\/alfagenhayvancilik.com\/#\/schema\/logo\/image\/","url":"https:\/\/alfagenhayvancilik.com\/wp-content\/uploads\/2022\/12\/alfagen-kurumsal-logo2022.png","contentUrl":"https:\/\/alfagenhayvancilik.com\/wp-content\/uploads\/2022\/12\/alfagen-kurumsal-logo2022.png","width":270,"height":70,"caption":"Alfagen Hayvanc\u0131l\u0131k Ltd. \u015eti."},"image":{"@id":"https:\/\/alfagenhayvancilik.com\/#\/schema\/logo\/image\/"}}]}},"_links":{"self":[{"href":"https:\/\/alfagenhayvancilik.com\/en\/wp-json\/wp\/v2\/pages\/1276","targetHints":{"allow":["GET"]}}],"collection":[{"href":"https:\/\/alfagenhayvancilik.com\/en\/wp-json\/wp\/v2\/pages"}],"about":[{"href":"https:\/\/alfagenhayvancilik.com\/en\/wp-json\/wp\/v2\/types\/page"}],"author":[{"embeddable":true,"href":"https:\/\/alfagenhayvancilik.com\/en\/wp-json\/wp\/v2\/users\/1"}],"replies":[{"embeddable":true,"href":"https:\/\/alfagenhayvancilik.com\/en\/wp-json\/wp\/v2\/comments?post=1276"}],"version-history":[{"count":58,"href":"https:\/\/alfagenhayvancilik.com\/en\/wp-json\/wp\/v2\/pages\/1276\/revisions"}],"predecessor-version":[{"id":1611,"href":"https:\/\/alfagenhayvancilik.com\/en\/wp-json\/wp\/v2\/pages\/1276\/revisions\/1611"}],"wp:attachment":[{"href":"https:\/\/alfagenhayvancilik.com\/en\/wp-json\/wp\/v2\/media?parent=1276"}],"curies":[{"name":"wp","href":"https:\/\/api.w.org\/{rel}","templated":true}]}}