{"id":1416,"date":"2023-01-12T20:34:37","date_gmt":"2023-01-12T20:34:37","guid":{"rendered":"https:\/\/alfagenhayvancilik.com\/?page_id=1416"},"modified":"2025-12-25T08:53:37","modified_gmt":"2025-12-25T08:53:37","slug":"simmental-boga-spermalari-izmir-aydin-manisa","status":"publish","type":"page","link":"https:\/\/alfagenhayvancilik.com\/en\/simmental-boga-spermalari-izmir-aydin-manisa\/","title":{"rendered":"SIMMENTAL"},"content":{"rendered":"<p>[vc_row][vc_column width=&#8221;1\/2&#8243;][vc_column_text]<\/p>\n<h3 style=\"text-align: center;\"><strong><span style=\"color: #000000;\">PASCAL<\/span><\/strong><\/h3>\n<p>[\/vc_column_text][vc_empty_space height=&#8221;20&#8243;][vc_tta_tabs][vc_tta_section title=&#8221;KATALOG&#8221; tab_id=&#8221;1673555552609-58f95496-d2b9&#8243;][vc_single_image image=&#8221;1588&#8243; img_size=&#8221;full&#8221; alignment=&#8221;center&#8221;][\/vc_tta_section][\/vc_tta_tabs][vc_empty_space height=&#8221;20&#8243;][\/vc_column][vc_column width=&#8221;1\/2&#8243;][vc_column_text]<\/p>\n<h3 style=\"text-align: center;\"><strong><span style=\"color: #000000;\">HUBERUS<\/span><\/strong><\/h3>\n<p>[\/vc_column_text][vc_empty_space height=&#8221;20&#8243;][vc_tta_tabs][vc_tta_section title=&#8221;KATALOG&#8221; tab_id=&#8221;1673555552690-45e78c56-644a&#8221;][vc_single_image image=&#8221;1589&#8243; img_size=&#8221;full&#8221; alignment=&#8221;center&#8221;][\/vc_tta_section][\/vc_tta_tabs][vc_empty_space height=&#8221;20&#8243;][\/vc_column][\/vc_row][vc_row][vc_column][vc_empty_space height=&#8221;20&#8243;][\/vc_column][\/vc_row][vc_row][vc_column][vc_empty_space height=&#8221;20&#8243;][\/vc_column][\/vc_row][vc_row][vc_column width=&#8221;1\/2&#8243;][vc_column_text]<\/p>\n<h3 style=\"text-align: center;\"><strong><span style=\"color: #000000;\">HARIBO<\/span><\/strong><\/h3>\n<p>[\/vc_column_text][vc_empty_space height=&#8221;20&#8243;][vc_tta_tabs][vc_tta_section title=&#8221;KATALOG&#8221; tab_id=&#8221;1673555594970-16d6de4b-13da&#8221;][vc_single_image image=&#8221;1590&#8243; img_size=&#8221;full&#8221; alignment=&#8221;center&#8221;][\/vc_tta_section][\/vc_tta_tabs][vc_empty_space height=&#8221;20&#8243;][\/vc_column][vc_column width=&#8221;1\/2&#8243;][vc_column_text]<\/p>\n<h3 style=\"text-align: center;\"><strong><span style=\"color: #000000;\">HERMELIN<\/span><\/strong><\/h3>\n<p>[\/vc_column_text][vc_empty_space height=&#8221;20&#8243;][vc_tta_tabs][vc_tta_section title=&#8221;KATALOG&#8221; tab_id=&#8221;1673555595052-e10e6de0-8f4d&#8221;][vc_single_image image=&#8221;1422&#8243; img_size=&#8221;full&#8221; alignment=&#8221;center&#8221;][\/vc_tta_section][\/vc_tta_tabs][vc_empty_space height=&#8221;20&#8243;][\/vc_column][\/vc_row][vc_row][vc_column width=&#8221;1\/2&#8243;][vc_column_text]<\/p>\n<h3 style=\"text-align: center;\"><strong><span style=\"color: #000000;\">WORLDCUP<\/span><\/strong><\/h3>\n<p>[\/vc_column_text][vc_empty_space height=&#8221;20&#8243;][vc_tta_tabs][vc_tta_section title=&#8221;KATALOG&#8221; tab_id=&#8221;1673555464004-613d09a6-82df&#8221;][vc_single_image image=&#8221;1587&#8243; img_size=&#8221;full&#8221; alignment=&#8221;center&#8221;][\/vc_tta_section][\/vc_tta_tabs][vc_empty_space height=&#8221;20&#8243;][\/vc_column][vc_column width=&#8221;1\/2&#8243;][vc_empty_space height=&#8221;20&#8243;][\/vc_column][\/vc_row][vc_row][vc_column][vc_empty_space height=&#8221;20&#8243;][\/vc_column][\/vc_row]<\/p>\n","protected":false},"excerpt":{"rendered":"<p>[vc_row][vc_column width=&#8221;1\/2&#8243;][vc_column_text] PASCAL [\/vc_column_text][vc_empty_space height=&#8221;20&#8243;][vc_tta_tabs][vc_tta_section title=&#8221;KATALOG&#8221; tab_id=&#8221;1673555552609-58f95496-d2b9&#8243;][vc_single_image image=&#8221;1588&#8243; img_size=&#8221;full&#8221; alignment=&#8221;center&#8221;][\/vc_tta_section][\/vc_tta_tabs][vc_empty_space height=&#8221;20&#8243;][\/vc_column][vc_column width=&#8221;1\/2&#8243;][vc_column_text] HUBERUS [\/vc_column_text][vc_empty_space height=&#8221;20&#8243;][vc_tta_tabs][vc_tta_section title=&#8221;KATALOG&#8221; tab_id=&#8221;1673555552690-45e78c56-644a&#8221;][vc_single_image image=&#8221;1589&#8243; img_size=&#8221;full&#8221; alignment=&#8221;center&#8221;][\/vc_tta_section][\/vc_tta_tabs][vc_empty_space height=&#8221;20&#8243;][\/vc_column][\/vc_row][vc_row][vc_column][vc_empty_space height=&#8221;20&#8243;][\/vc_column][\/vc_row][vc_row][vc_column][vc_empty_space height=&#8221;20&#8243;][\/vc_column][\/vc_row][vc_row][vc_column width=&#8221;1\/2&#8243;][vc_column_text] HARIBO [\/vc_column_text][vc_empty_space height=&#8221;20&#8243;][vc_tta_tabs][vc_tta_section title=&#8221;KATALOG&#8221; tab_id=&#8221;1673555594970-16d6de4b-13da&#8221;][vc_single_image image=&#8221;1590&#8243; img_size=&#8221;full&#8221; alignment=&#8221;center&#8221;][\/vc_tta_section][\/vc_tta_tabs][vc_empty_space height=&#8221;20&#8243;][\/vc_column][vc_column width=&#8221;1\/2&#8243;][vc_column_text] HERMELIN [\/vc_column_text][vc_empty_space height=&#8221;20&#8243;][vc_tta_tabs][vc_tta_section title=&#8221;KATALOG&#8221; tab_id=&#8221;1673555595052-e10e6de0-8f4d&#8221;][vc_single_image image=&#8221;1422&#8243; img_size=&#8221;full&#8221; alignment=&#8221;center&#8221;][\/vc_tta_section][\/vc_tta_tabs][vc_empty_space height=&#8221;20&#8243;][\/vc_column][\/vc_row][vc_row][vc_column width=&#8221;1\/2&#8243;][vc_column_text] WORLDCUP [\/vc_column_text][vc_empty_space height=&#8221;20&#8243;][vc_tta_tabs][vc_tta_section title=&#8221;KATALOG&#8221; tab_id=&#8221;1673555464004-613d09a6-82df&#8221;][vc_single_image image=&#8221;1587&#8243; img_size=&#8221;full&#8221; alignment=&#8221;center&#8221;][\/vc_tta_section][\/vc_tta_tabs][vc_empty_space height=&#8221;20&#8243;][\/vc_column][vc_column width=&#8221;1\/2&#8243;][vc_empty_space height=&#8221;20&#8243;][\/vc_column][\/vc_row][vc_row][vc_column][vc_empty_space [&hellip;]<\/p>\n","protected":false},"author":1,"featured_media":0,"parent":0,"menu_order":0,"comment_status":"closed","ping_status":"closed","template":"","meta":{"footnotes":""},"class_list":["post-1416","page","type-page","status-publish","hentry"],"yoast_head":"<!-- This site is optimized with the Yoast SEO plugin v27.2 - https:\/\/yoast.com\/product\/yoast-seo-wordpress\/ -->\n<title>Simmental Bo\u011fa Spermalar\u0131 Sat\u0131\u015f, Destek, Dan\u0131\u015fmanl\u0131k Hizmetleri<\/title>\n<meta name=\"description\" content=\"Simmental Bo\u011fa Spermalar\u0131, \u0130zmir, Mu\u011fla, Ayd\u0131n, Manisa, Bal\u0131kesir, U\u015fak sat\u0131\u015f, destek ve dan\u0131\u015fmanl\u0131k hizmetleri.\" \/>\n<meta name=\"robots\" content=\"index, follow, max-snippet:-1, max-image-preview:large, max-video-preview:-1\" \/>\n<link rel=\"canonical\" href=\"https:\/\/alfagenhayvancilik.com\/simmental-boga-spermalari-izmir-aydin-manisa\/\" \/>\n<meta property=\"og:locale\" content=\"en_US\" \/>\n<meta property=\"og:type\" content=\"article\" \/>\n<meta property=\"og:title\" content=\"Simmental Bo\u011fa Spermalar\u0131 Sat\u0131\u015f, Destek, Dan\u0131\u015fmanl\u0131k Hizmetleri\" \/>\n<meta property=\"og:description\" content=\"Simmental Bo\u011fa Spermalar\u0131, \u0130zmir, Mu\u011fla, Ayd\u0131n, Manisa, Bal\u0131kesir, U\u015fak sat\u0131\u015f, destek ve dan\u0131\u015fmanl\u0131k hizmetleri.\" \/>\n<meta property=\"og:url\" content=\"https:\/\/alfagenhayvancilik.com\/simmental-boga-spermalari-izmir-aydin-manisa\/\" \/>\n<meta property=\"og:site_name\" content=\"Alfagen Hayvanc\u0131l\u0131k\" \/>\n<meta property=\"article:modified_time\" content=\"2025-12-25T08:53:37+00:00\" \/>\n<meta property=\"og:image\" content=\"https:\/\/alfagenhayvancilik.com\/wp-content\/uploads\/2023\/12\/e-katalog-alfagen.png\" \/>\n<meta name=\"twitter:card\" content=\"summary_large_image\" \/>\n<meta name=\"twitter:label1\" content=\"Est. reading time\" \/>\n\t<meta name=\"twitter:data1\" content=\"1 minute\" \/>\n<script type=\"application\/ld+json\" class=\"yoast-schema-graph\">{\"@context\":\"https:\/\/schema.org\",\"@graph\":[{\"@type\":\"WebPage\",\"@id\":\"https:\/\/alfagenhayvancilik.com\/simmental-boga-spermalari-izmir-aydin-manisa\/\",\"url\":\"https:\/\/alfagenhayvancilik.com\/simmental-boga-spermalari-izmir-aydin-manisa\/\",\"name\":\"Simmental Bo\u011fa Spermalar\u0131 Sat\u0131\u015f, Destek, Dan\u0131\u015fmanl\u0131k Hizmetleri\",\"isPartOf\":{\"@id\":\"https:\/\/alfagenhayvancilik.com\/#website\"},\"primaryImageOfPage\":{\"@id\":\"https:\/\/alfagenhayvancilik.com\/simmental-boga-spermalari-izmir-aydin-manisa\/#primaryimage\"},\"image\":{\"@id\":\"https:\/\/alfagenhayvancilik.com\/simmental-boga-spermalari-izmir-aydin-manisa\/#primaryimage\"},\"thumbnailUrl\":\"https:\/\/alfagenhayvancilik.com\/wp-content\/uploads\/2023\/12\/e-katalog-alfagen.png\",\"datePublished\":\"2023-01-12T20:34:37+00:00\",\"dateModified\":\"2025-12-25T08:53:37+00:00\",\"description\":\"Simmental Bo\u011fa Spermalar\u0131, \u0130zmir, Mu\u011fla, Ayd\u0131n, Manisa, Bal\u0131kesir, U\u015fak sat\u0131\u015f, destek ve dan\u0131\u015fmanl\u0131k hizmetleri.\",\"breadcrumb\":{\"@id\":\"https:\/\/alfagenhayvancilik.com\/simmental-boga-spermalari-izmir-aydin-manisa\/#breadcrumb\"},\"inLanguage\":\"en-US\",\"potentialAction\":[{\"@type\":\"ReadAction\",\"target\":[\"https:\/\/alfagenhayvancilik.com\/simmental-boga-spermalari-izmir-aydin-manisa\/\"]}]},{\"@type\":\"ImageObject\",\"inLanguage\":\"en-US\",\"@id\":\"https:\/\/alfagenhayvancilik.com\/simmental-boga-spermalari-izmir-aydin-manisa\/#primaryimage\",\"url\":\"https:\/\/alfagenhayvancilik.com\/wp-content\/uploads\/2023\/12\/e-katalog-alfagen.png\",\"contentUrl\":\"https:\/\/alfagenhayvancilik.com\/wp-content\/uploads\/2023\/12\/e-katalog-alfagen.png\"},{\"@type\":\"BreadcrumbList\",\"@id\":\"https:\/\/alfagenhayvancilik.com\/simmental-boga-spermalari-izmir-aydin-manisa\/#breadcrumb\",\"itemListElement\":[{\"@type\":\"ListItem\",\"position\":1,\"name\":\"Anasayfa\",\"item\":\"https:\/\/alfagenhayvancilik.com\/\"},{\"@type\":\"ListItem\",\"position\":2,\"name\":\"SIMMENTAL\"}]},{\"@type\":\"WebSite\",\"@id\":\"https:\/\/alfagenhayvancilik.com\/#website\",\"url\":\"https:\/\/alfagenhayvancilik.com\/\",\"name\":\"Alfagen Hayvanc\u0131l\u0131k\",\"description\":\"Holstein Simmental Bo\u011fa Spermalar\u0131\",\"publisher\":{\"@id\":\"https:\/\/alfagenhayvancilik.com\/#organization\"},\"potentialAction\":[{\"@type\":\"SearchAction\",\"target\":{\"@type\":\"EntryPoint\",\"urlTemplate\":\"https:\/\/alfagenhayvancilik.com\/?s={search_term_string}\"},\"query-input\":{\"@type\":\"PropertyValueSpecification\",\"valueRequired\":true,\"valueName\":\"search_term_string\"}}],\"inLanguage\":\"en-US\"},{\"@type\":\"Organization\",\"@id\":\"https:\/\/alfagenhayvancilik.com\/#organization\",\"name\":\"Alfagen Hayvanc\u0131l\u0131k Ltd. \u015eti.\",\"url\":\"https:\/\/alfagenhayvancilik.com\/\",\"logo\":{\"@type\":\"ImageObject\",\"inLanguage\":\"en-US\",\"@id\":\"https:\/\/alfagenhayvancilik.com\/#\/schema\/logo\/image\/\",\"url\":\"https:\/\/alfagenhayvancilik.com\/wp-content\/uploads\/2022\/12\/alfagen-kurumsal-logo2022.png\",\"contentUrl\":\"https:\/\/alfagenhayvancilik.com\/wp-content\/uploads\/2022\/12\/alfagen-kurumsal-logo2022.png\",\"width\":270,\"height\":70,\"caption\":\"Alfagen Hayvanc\u0131l\u0131k Ltd. \u015eti.\"},\"image\":{\"@id\":\"https:\/\/alfagenhayvancilik.com\/#\/schema\/logo\/image\/\"}}]}<\/script>\n<!-- \/ Yoast SEO plugin. -->","yoast_head_json":{"title":"Simmental Bo\u011fa Spermalar\u0131 Sat\u0131\u015f, Destek, Dan\u0131\u015fmanl\u0131k Hizmetleri","description":"Simmental Bo\u011fa Spermalar\u0131, \u0130zmir, Mu\u011fla, Ayd\u0131n, Manisa, Bal\u0131kesir, U\u015fak sat\u0131\u015f, destek ve dan\u0131\u015fmanl\u0131k hizmetleri.","robots":{"index":"index","follow":"follow","max-snippet":"max-snippet:-1","max-image-preview":"max-image-preview:large","max-video-preview":"max-video-preview:-1"},"canonical":"https:\/\/alfagenhayvancilik.com\/simmental-boga-spermalari-izmir-aydin-manisa\/","og_locale":"en_US","og_type":"article","og_title":"Simmental Bo\u011fa Spermalar\u0131 Sat\u0131\u015f, Destek, Dan\u0131\u015fmanl\u0131k Hizmetleri","og_description":"Simmental Bo\u011fa Spermalar\u0131, \u0130zmir, Mu\u011fla, Ayd\u0131n, Manisa, Bal\u0131kesir, U\u015fak sat\u0131\u015f, destek ve dan\u0131\u015fmanl\u0131k hizmetleri.","og_url":"https:\/\/alfagenhayvancilik.com\/simmental-boga-spermalari-izmir-aydin-manisa\/","og_site_name":"Alfagen Hayvanc\u0131l\u0131k","article_modified_time":"2025-12-25T08:53:37+00:00","og_image":[{"url":"https:\/\/alfagenhayvancilik.com\/wp-content\/uploads\/2023\/12\/e-katalog-alfagen.png","type":"","width":"","height":""}],"twitter_card":"summary_large_image","twitter_misc":{"Est. reading time":"1 minute"},"schema":{"@context":"https:\/\/schema.org","@graph":[{"@type":"WebPage","@id":"https:\/\/alfagenhayvancilik.com\/simmental-boga-spermalari-izmir-aydin-manisa\/","url":"https:\/\/alfagenhayvancilik.com\/simmental-boga-spermalari-izmir-aydin-manisa\/","name":"Simmental Bo\u011fa Spermalar\u0131 Sat\u0131\u015f, Destek, Dan\u0131\u015fmanl\u0131k Hizmetleri","isPartOf":{"@id":"https:\/\/alfagenhayvancilik.com\/#website"},"primaryImageOfPage":{"@id":"https:\/\/alfagenhayvancilik.com\/simmental-boga-spermalari-izmir-aydin-manisa\/#primaryimage"},"image":{"@id":"https:\/\/alfagenhayvancilik.com\/simmental-boga-spermalari-izmir-aydin-manisa\/#primaryimage"},"thumbnailUrl":"https:\/\/alfagenhayvancilik.com\/wp-content\/uploads\/2023\/12\/e-katalog-alfagen.png","datePublished":"2023-01-12T20:34:37+00:00","dateModified":"2025-12-25T08:53:37+00:00","description":"Simmental Bo\u011fa Spermalar\u0131, \u0130zmir, Mu\u011fla, Ayd\u0131n, Manisa, Bal\u0131kesir, U\u015fak sat\u0131\u015f, destek ve dan\u0131\u015fmanl\u0131k hizmetleri.","breadcrumb":{"@id":"https:\/\/alfagenhayvancilik.com\/simmental-boga-spermalari-izmir-aydin-manisa\/#breadcrumb"},"inLanguage":"en-US","potentialAction":[{"@type":"ReadAction","target":["https:\/\/alfagenhayvancilik.com\/simmental-boga-spermalari-izmir-aydin-manisa\/"]}]},{"@type":"ImageObject","inLanguage":"en-US","@id":"https:\/\/alfagenhayvancilik.com\/simmental-boga-spermalari-izmir-aydin-manisa\/#primaryimage","url":"https:\/\/alfagenhayvancilik.com\/wp-content\/uploads\/2023\/12\/e-katalog-alfagen.png","contentUrl":"https:\/\/alfagenhayvancilik.com\/wp-content\/uploads\/2023\/12\/e-katalog-alfagen.png"},{"@type":"BreadcrumbList","@id":"https:\/\/alfagenhayvancilik.com\/simmental-boga-spermalari-izmir-aydin-manisa\/#breadcrumb","itemListElement":[{"@type":"ListItem","position":1,"name":"Anasayfa","item":"https:\/\/alfagenhayvancilik.com\/"},{"@type":"ListItem","position":2,"name":"SIMMENTAL"}]},{"@type":"WebSite","@id":"https:\/\/alfagenhayvancilik.com\/#website","url":"https:\/\/alfagenhayvancilik.com\/","name":"Alfagen Hayvanc\u0131l\u0131k","description":"Holstein Simmental Bo\u011fa Spermalar\u0131","publisher":{"@id":"https:\/\/alfagenhayvancilik.com\/#organization"},"potentialAction":[{"@type":"SearchAction","target":{"@type":"EntryPoint","urlTemplate":"https:\/\/alfagenhayvancilik.com\/?s={search_term_string}"},"query-input":{"@type":"PropertyValueSpecification","valueRequired":true,"valueName":"search_term_string"}}],"inLanguage":"en-US"},{"@type":"Organization","@id":"https:\/\/alfagenhayvancilik.com\/#organization","name":"Alfagen Hayvanc\u0131l\u0131k Ltd. \u015eti.","url":"https:\/\/alfagenhayvancilik.com\/","logo":{"@type":"ImageObject","inLanguage":"en-US","@id":"https:\/\/alfagenhayvancilik.com\/#\/schema\/logo\/image\/","url":"https:\/\/alfagenhayvancilik.com\/wp-content\/uploads\/2022\/12\/alfagen-kurumsal-logo2022.png","contentUrl":"https:\/\/alfagenhayvancilik.com\/wp-content\/uploads\/2022\/12\/alfagen-kurumsal-logo2022.png","width":270,"height":70,"caption":"Alfagen Hayvanc\u0131l\u0131k Ltd. \u015eti."},"image":{"@id":"https:\/\/alfagenhayvancilik.com\/#\/schema\/logo\/image\/"}}]}},"_links":{"self":[{"href":"https:\/\/alfagenhayvancilik.com\/en\/wp-json\/wp\/v2\/pages\/1416","targetHints":{"allow":["GET"]}}],"collection":[{"href":"https:\/\/alfagenhayvancilik.com\/en\/wp-json\/wp\/v2\/pages"}],"about":[{"href":"https:\/\/alfagenhayvancilik.com\/en\/wp-json\/wp\/v2\/types\/page"}],"author":[{"embeddable":true,"href":"https:\/\/alfagenhayvancilik.com\/en\/wp-json\/wp\/v2\/users\/1"}],"replies":[{"embeddable":true,"href":"https:\/\/alfagenhayvancilik.com\/en\/wp-json\/wp\/v2\/comments?post=1416"}],"version-history":[{"count":14,"href":"https:\/\/alfagenhayvancilik.com\/en\/wp-json\/wp\/v2\/pages\/1416\/revisions"}],"predecessor-version":[{"id":1627,"href":"https:\/\/alfagenhayvancilik.com\/en\/wp-json\/wp\/v2\/pages\/1416\/revisions\/1627"}],"wp:attachment":[{"href":"https:\/\/alfagenhayvancilik.com\/en\/wp-json\/wp\/v2\/media?parent=1416"}],"curies":[{"name":"wp","href":"https:\/\/api.w.org\/{rel}","templated":true}]}}