{"id":1427,"date":"2023-01-12T20:39:08","date_gmt":"2023-01-12T20:39:08","guid":{"rendered":"https:\/\/alfagenhayvancilik.com\/?page_id=1427"},"modified":"2025-12-25T08:53:42","modified_gmt":"2025-12-25T08:53:42","slug":"brown-swiss-montbeliarde-boga-spermalari","status":"publish","type":"page","link":"https:\/\/alfagenhayvancilik.com\/en\/brown-swiss-montbeliarde-boga-spermalari\/","title":{"rendered":"D\u0130\u011eER IRKLAR"},"content":{"rendered":"<p>[vc_row][vc_column][vc_empty_space height=&#8221;20&#8243;][\/vc_column][\/vc_row][vc_row][vc_column width=&#8221;1\/2&#8243;][vc_column_text]<\/p>\n<h3 style=\"text-align: center;\"><strong><span style=\"color: #000000;\">MUSTIK<\/span><\/strong><\/h3>\n<p>[\/vc_column_text][vc_empty_space height=&#8221;20&#8243;][vc_tta_tabs][vc_tta_section title=&#8221;KATALOG&#8221; tab_id=&#8221;1673646169198-4baf5b3d-000d&#8221;][vc_single_image image=&#8221;1432&#8243; img_size=&#8221;full&#8221; alignment=&#8221;center&#8221;][\/vc_tta_section][\/vc_tta_tabs][vc_empty_space height=&#8221;20&#8243;][\/vc_column][vc_column width=&#8221;1\/2&#8243;][vc_column_text]<\/p>\n<h3 style=\"text-align: center;\"><strong><span style=\"color: #000000;\">CHAROLAIS<\/span><\/strong><\/h3>\n<p>[\/vc_column_text][vc_empty_space height=&#8221;20&#8243;][vc_tta_tabs][vc_tta_section title=&#8221;KATALOG&#8221; tab_id=&#8221;1704189551434-e74fcccd-4ad2&#8243;][vc_single_image image=&#8221;1603&#8243; img_size=&#8221;full&#8221; alignment=&#8221;center&#8221;][\/vc_tta_section][\/vc_tta_tabs][\/vc_column][\/vc_row][vc_row][vc_column][vc_empty_space height=&#8221;20&#8243;][\/vc_column][\/vc_row][vc_row][vc_column width=&#8221;1\/2&#8243;][vc_column_text]<\/p>\n<h3 style=\"text-align: center;\"><strong><span style=\"color: #000000;\">DONINGTON<\/span><\/strong><\/h3>\n<p>[\/vc_column_text][vc_empty_space height=&#8221;20&#8243;][vc_tta_tabs][vc_tta_section title=&#8221;KATALOG&#8221; tab_id=&#8221;1673555867562-413eeec3-9df2&#8243;][vc_single_image image=&#8221;1429&#8243; img_size=&#8221;full&#8221; alignment=&#8221;center&#8221;][\/vc_tta_section][\/vc_tta_tabs][vc_empty_space height=&#8221;20&#8243;][\/vc_column][\/vc_row]<\/p>\n","protected":false},"excerpt":{"rendered":"<p>[vc_row][vc_column][vc_empty_space height=&#8221;20&#8243;][\/vc_column][\/vc_row][vc_row][vc_column width=&#8221;1\/2&#8243;][vc_column_text] MUSTIK [\/vc_column_text][vc_empty_space height=&#8221;20&#8243;][vc_tta_tabs][vc_tta_section title=&#8221;KATALOG&#8221; tab_id=&#8221;1673646169198-4baf5b3d-000d&#8221;][vc_single_image image=&#8221;1432&#8243; img_size=&#8221;full&#8221; alignment=&#8221;center&#8221;][\/vc_tta_section][\/vc_tta_tabs][vc_empty_space height=&#8221;20&#8243;][\/vc_column][vc_column width=&#8221;1\/2&#8243;][vc_column_text] CHAROLAIS [\/vc_column_text][vc_empty_space height=&#8221;20&#8243;][vc_tta_tabs][vc_tta_section title=&#8221;KATALOG&#8221; tab_id=&#8221;1704189551434-e74fcccd-4ad2&#8243;][vc_single_image image=&#8221;1603&#8243; img_size=&#8221;full&#8221; alignment=&#8221;center&#8221;][\/vc_tta_section][\/vc_tta_tabs][\/vc_column][\/vc_row][vc_row][vc_column][vc_empty_space height=&#8221;20&#8243;][\/vc_column][\/vc_row][vc_row][vc_column width=&#8221;1\/2&#8243;][vc_column_text] DONINGTON [\/vc_column_text][vc_empty_space height=&#8221;20&#8243;][vc_tta_tabs][vc_tta_section title=&#8221;KATALOG&#8221; tab_id=&#8221;1673555867562-413eeec3-9df2&#8243;][vc_single_image image=&#8221;1429&#8243; img_size=&#8221;full&#8221; alignment=&#8221;center&#8221;][\/vc_tta_section][\/vc_tta_tabs][vc_empty_space height=&#8221;20&#8243;][\/vc_column][\/vc_row]<\/p>\n","protected":false},"author":1,"featured_media":0,"parent":0,"menu_order":0,"comment_status":"closed","ping_status":"closed","template":"","meta":{"footnotes":""},"class_list":["post-1427","page","type-page","status-publish","hentry"],"yoast_head":"<!-- This site is optimized with the Yoast SEO plugin v27.2 - https:\/\/yoast.com\/product\/yoast-seo-wordpress\/ -->\n<title>D\u0130\u011eER IRKLAR - Alfagen Hayvanc\u0131l\u0131k<\/title>\n<meta name=\"robots\" content=\"index, follow, max-snippet:-1, max-image-preview:large, max-video-preview:-1\" \/>\n<link rel=\"canonical\" href=\"https:\/\/alfagenhayvancilik.com\/brown-swiss-montbeliarde-boga-spermalari\/\" \/>\n<meta property=\"og:locale\" content=\"en_US\" \/>\n<meta property=\"og:type\" content=\"article\" \/>\n<meta property=\"og:title\" content=\"D\u0130\u011eER IRKLAR\" \/>\n<meta property=\"og:description\" content=\"[vc_row][vc_column][vc_empty_space height=&#8221;20&#8243;][\/vc_column][\/vc_row][vc_row][vc_column width=&#8221;1\/2&#8243;][vc_column_text] MUSTIK [\/vc_column_text][vc_empty_space height=&#8221;20&#8243;][vc_tta_tabs][vc_tta_section title=&#8221;KATALOG&#8221; tab_id=&#8221;1673646169198-4baf5b3d-000d&#8221;][vc_single_image image=&#8221;1432&#8243; img_size=&#8221;full&#8221; alignment=&#8221;center&#8221;][\/vc_tta_section][\/vc_tta_tabs][vc_empty_space height=&#8221;20&#8243;][\/vc_column][vc_column width=&#8221;1\/2&#8243;][vc_column_text] CHAROLAIS [\/vc_column_text][vc_empty_space height=&#8221;20&#8243;][vc_tta_tabs][vc_tta_section title=&#8221;KATALOG&#8221; tab_id=&#8221;1704189551434-e74fcccd-4ad2&#8243;][vc_single_image image=&#8221;1603&#8243; img_size=&#8221;full&#8221; alignment=&#8221;center&#8221;][\/vc_tta_section][\/vc_tta_tabs][\/vc_column][\/vc_row][vc_row][vc_column][vc_empty_space height=&#8221;20&#8243;][\/vc_column][\/vc_row][vc_row][vc_column width=&#8221;1\/2&#8243;][vc_column_text] DONINGTON [\/vc_column_text][vc_empty_space height=&#8221;20&#8243;][vc_tta_tabs][vc_tta_section title=&#8221;KATALOG&#8221; tab_id=&#8221;1673555867562-413eeec3-9df2&#8243;][vc_single_image image=&#8221;1429&#8243; img_size=&#8221;full&#8221; alignment=&#8221;center&#8221;][\/vc_tta_section][\/vc_tta_tabs][vc_empty_space height=&#8221;20&#8243;][\/vc_column][\/vc_row]\" \/>\n<meta property=\"og:url\" content=\"https:\/\/alfagenhayvancilik.com\/brown-swiss-montbeliarde-boga-spermalari\/\" \/>\n<meta property=\"og:site_name\" content=\"Alfagen Hayvanc\u0131l\u0131k\" \/>\n<meta property=\"article:modified_time\" content=\"2025-12-25T08:53:42+00:00\" \/>\n<meta property=\"og:image\" content=\"https:\/\/alfagenhayvancilik.com\/wp-content\/uploads\/2023\/12\/e-katalog-alfagen.png\" \/>\n<meta name=\"twitter:card\" content=\"summary_large_image\" \/>\n<meta name=\"twitter:label1\" content=\"Est. reading time\" \/>\n\t<meta name=\"twitter:data1\" content=\"1 minute\" \/>\n<script type=\"application\/ld+json\" class=\"yoast-schema-graph\">{\"@context\":\"https:\/\/schema.org\",\"@graph\":[{\"@type\":\"WebPage\",\"@id\":\"https:\/\/alfagenhayvancilik.com\/brown-swiss-montbeliarde-boga-spermalari\/\",\"url\":\"https:\/\/alfagenhayvancilik.com\/brown-swiss-montbeliarde-boga-spermalari\/\",\"name\":\"[:tr]D\u0130\u011eER IRKLAR[:en]D\u0130\u011eER IRKLAR[:] - Alfagen Hayvanc\u0131l\u0131k\",\"isPartOf\":{\"@id\":\"https:\/\/alfagenhayvancilik.com\/#website\"},\"primaryImageOfPage\":{\"@id\":\"https:\/\/alfagenhayvancilik.com\/brown-swiss-montbeliarde-boga-spermalari\/#primaryimage\"},\"image\":{\"@id\":\"https:\/\/alfagenhayvancilik.com\/brown-swiss-montbeliarde-boga-spermalari\/#primaryimage\"},\"thumbnailUrl\":\"https:\/\/alfagenhayvancilik.com\/wp-content\/uploads\/2023\/12\/e-katalog-alfagen.png\",\"datePublished\":\"2023-01-12T20:39:08+00:00\",\"dateModified\":\"2025-12-25T08:53:42+00:00\",\"breadcrumb\":{\"@id\":\"https:\/\/alfagenhayvancilik.com\/brown-swiss-montbeliarde-boga-spermalari\/#breadcrumb\"},\"inLanguage\":\"en-US\",\"potentialAction\":[{\"@type\":\"ReadAction\",\"target\":[\"https:\/\/alfagenhayvancilik.com\/brown-swiss-montbeliarde-boga-spermalari\/\"]}]},{\"@type\":\"ImageObject\",\"inLanguage\":\"en-US\",\"@id\":\"https:\/\/alfagenhayvancilik.com\/brown-swiss-montbeliarde-boga-spermalari\/#primaryimage\",\"url\":\"https:\/\/alfagenhayvancilik.com\/wp-content\/uploads\/2023\/12\/e-katalog-alfagen.png\",\"contentUrl\":\"https:\/\/alfagenhayvancilik.com\/wp-content\/uploads\/2023\/12\/e-katalog-alfagen.png\"},{\"@type\":\"BreadcrumbList\",\"@id\":\"https:\/\/alfagenhayvancilik.com\/brown-swiss-montbeliarde-boga-spermalari\/#breadcrumb\",\"itemListElement\":[{\"@type\":\"ListItem\",\"position\":1,\"name\":\"Anasayfa\",\"item\":\"https:\/\/alfagenhayvancilik.com\/\"},{\"@type\":\"ListItem\",\"position\":2,\"name\":\"D\u0130\u011eER IRKLAR\"}]},{\"@type\":\"WebSite\",\"@id\":\"https:\/\/alfagenhayvancilik.com\/#website\",\"url\":\"https:\/\/alfagenhayvancilik.com\/\",\"name\":\"Alfagen Hayvanc\u0131l\u0131k\",\"description\":\"Holstein Simmental Bo\u011fa Spermalar\u0131\",\"publisher\":{\"@id\":\"https:\/\/alfagenhayvancilik.com\/#organization\"},\"potentialAction\":[{\"@type\":\"SearchAction\",\"target\":{\"@type\":\"EntryPoint\",\"urlTemplate\":\"https:\/\/alfagenhayvancilik.com\/?s={search_term_string}\"},\"query-input\":{\"@type\":\"PropertyValueSpecification\",\"valueRequired\":true,\"valueName\":\"search_term_string\"}}],\"inLanguage\":\"en-US\"},{\"@type\":\"Organization\",\"@id\":\"https:\/\/alfagenhayvancilik.com\/#organization\",\"name\":\"Alfagen Hayvanc\u0131l\u0131k Ltd. \u015eti.\",\"url\":\"https:\/\/alfagenhayvancilik.com\/\",\"logo\":{\"@type\":\"ImageObject\",\"inLanguage\":\"en-US\",\"@id\":\"https:\/\/alfagenhayvancilik.com\/#\/schema\/logo\/image\/\",\"url\":\"https:\/\/alfagenhayvancilik.com\/wp-content\/uploads\/2022\/12\/alfagen-kurumsal-logo2022.png\",\"contentUrl\":\"https:\/\/alfagenhayvancilik.com\/wp-content\/uploads\/2022\/12\/alfagen-kurumsal-logo2022.png\",\"width\":270,\"height\":70,\"caption\":\"Alfagen Hayvanc\u0131l\u0131k Ltd. \u015eti.\"},\"image\":{\"@id\":\"https:\/\/alfagenhayvancilik.com\/#\/schema\/logo\/image\/\"}}]}<\/script>\n<!-- \/ Yoast SEO plugin. -->","yoast_head_json":{"title":"D\u0130\u011eER IRKLAR - Alfagen Hayvanc\u0131l\u0131k","robots":{"index":"index","follow":"follow","max-snippet":"max-snippet:-1","max-image-preview":"max-image-preview:large","max-video-preview":"max-video-preview:-1"},"canonical":"https:\/\/alfagenhayvancilik.com\/brown-swiss-montbeliarde-boga-spermalari\/","og_locale":"en_US","og_type":"article","og_title":"[:tr]D\u0130\u011eER IRKLAR[:en]D\u0130\u011eER IRKLAR[:] - Alfagen Hayvanc\u0131l\u0131k","og_description":"[vc_row][vc_column][vc_empty_space height=&#8221;20&#8243;][\/vc_column][\/vc_row][vc_row][vc_column width=&#8221;1\/2&#8243;][vc_column_text] MUSTIK [\/vc_column_text][vc_empty_space height=&#8221;20&#8243;][vc_tta_tabs][vc_tta_section title=&#8221;KATALOG&#8221; tab_id=&#8221;1673646169198-4baf5b3d-000d&#8221;][vc_single_image image=&#8221;1432&#8243; img_size=&#8221;full&#8221; alignment=&#8221;center&#8221;][\/vc_tta_section][\/vc_tta_tabs][vc_empty_space height=&#8221;20&#8243;][\/vc_column][vc_column width=&#8221;1\/2&#8243;][vc_column_text] CHAROLAIS [\/vc_column_text][vc_empty_space height=&#8221;20&#8243;][vc_tta_tabs][vc_tta_section title=&#8221;KATALOG&#8221; tab_id=&#8221;1704189551434-e74fcccd-4ad2&#8243;][vc_single_image image=&#8221;1603&#8243; img_size=&#8221;full&#8221; alignment=&#8221;center&#8221;][\/vc_tta_section][\/vc_tta_tabs][\/vc_column][\/vc_row][vc_row][vc_column][vc_empty_space height=&#8221;20&#8243;][\/vc_column][\/vc_row][vc_row][vc_column width=&#8221;1\/2&#8243;][vc_column_text] DONINGTON [\/vc_column_text][vc_empty_space height=&#8221;20&#8243;][vc_tta_tabs][vc_tta_section title=&#8221;KATALOG&#8221; tab_id=&#8221;1673555867562-413eeec3-9df2&#8243;][vc_single_image image=&#8221;1429&#8243; img_size=&#8221;full&#8221; alignment=&#8221;center&#8221;][\/vc_tta_section][\/vc_tta_tabs][vc_empty_space height=&#8221;20&#8243;][\/vc_column][\/vc_row]","og_url":"https:\/\/alfagenhayvancilik.com\/brown-swiss-montbeliarde-boga-spermalari\/","og_site_name":"Alfagen Hayvanc\u0131l\u0131k","article_modified_time":"2025-12-25T08:53:42+00:00","og_image":[{"url":"https:\/\/alfagenhayvancilik.com\/wp-content\/uploads\/2023\/12\/e-katalog-alfagen.png","type":"","width":"","height":""}],"twitter_card":"summary_large_image","twitter_misc":{"Est. reading time":"1 minute"},"schema":{"@context":"https:\/\/schema.org","@graph":[{"@type":"WebPage","@id":"https:\/\/alfagenhayvancilik.com\/brown-swiss-montbeliarde-boga-spermalari\/","url":"https:\/\/alfagenhayvancilik.com\/brown-swiss-montbeliarde-boga-spermalari\/","name":"[:tr]D\u0130\u011eER IRKLAR[:en]D\u0130\u011eER IRKLAR[:] - Alfagen Hayvanc\u0131l\u0131k","isPartOf":{"@id":"https:\/\/alfagenhayvancilik.com\/#website"},"primaryImageOfPage":{"@id":"https:\/\/alfagenhayvancilik.com\/brown-swiss-montbeliarde-boga-spermalari\/#primaryimage"},"image":{"@id":"https:\/\/alfagenhayvancilik.com\/brown-swiss-montbeliarde-boga-spermalari\/#primaryimage"},"thumbnailUrl":"https:\/\/alfagenhayvancilik.com\/wp-content\/uploads\/2023\/12\/e-katalog-alfagen.png","datePublished":"2023-01-12T20:39:08+00:00","dateModified":"2025-12-25T08:53:42+00:00","breadcrumb":{"@id":"https:\/\/alfagenhayvancilik.com\/brown-swiss-montbeliarde-boga-spermalari\/#breadcrumb"},"inLanguage":"en-US","potentialAction":[{"@type":"ReadAction","target":["https:\/\/alfagenhayvancilik.com\/brown-swiss-montbeliarde-boga-spermalari\/"]}]},{"@type":"ImageObject","inLanguage":"en-US","@id":"https:\/\/alfagenhayvancilik.com\/brown-swiss-montbeliarde-boga-spermalari\/#primaryimage","url":"https:\/\/alfagenhayvancilik.com\/wp-content\/uploads\/2023\/12\/e-katalog-alfagen.png","contentUrl":"https:\/\/alfagenhayvancilik.com\/wp-content\/uploads\/2023\/12\/e-katalog-alfagen.png"},{"@type":"BreadcrumbList","@id":"https:\/\/alfagenhayvancilik.com\/brown-swiss-montbeliarde-boga-spermalari\/#breadcrumb","itemListElement":[{"@type":"ListItem","position":1,"name":"Anasayfa","item":"https:\/\/alfagenhayvancilik.com\/"},{"@type":"ListItem","position":2,"name":"D\u0130\u011eER IRKLAR"}]},{"@type":"WebSite","@id":"https:\/\/alfagenhayvancilik.com\/#website","url":"https:\/\/alfagenhayvancilik.com\/","name":"Alfagen Hayvanc\u0131l\u0131k","description":"Holstein Simmental Bo\u011fa Spermalar\u0131","publisher":{"@id":"https:\/\/alfagenhayvancilik.com\/#organization"},"potentialAction":[{"@type":"SearchAction","target":{"@type":"EntryPoint","urlTemplate":"https:\/\/alfagenhayvancilik.com\/?s={search_term_string}"},"query-input":{"@type":"PropertyValueSpecification","valueRequired":true,"valueName":"search_term_string"}}],"inLanguage":"en-US"},{"@type":"Organization","@id":"https:\/\/alfagenhayvancilik.com\/#organization","name":"Alfagen Hayvanc\u0131l\u0131k Ltd. \u015eti.","url":"https:\/\/alfagenhayvancilik.com\/","logo":{"@type":"ImageObject","inLanguage":"en-US","@id":"https:\/\/alfagenhayvancilik.com\/#\/schema\/logo\/image\/","url":"https:\/\/alfagenhayvancilik.com\/wp-content\/uploads\/2022\/12\/alfagen-kurumsal-logo2022.png","contentUrl":"https:\/\/alfagenhayvancilik.com\/wp-content\/uploads\/2022\/12\/alfagen-kurumsal-logo2022.png","width":270,"height":70,"caption":"Alfagen Hayvanc\u0131l\u0131k Ltd. \u015eti."},"image":{"@id":"https:\/\/alfagenhayvancilik.com\/#\/schema\/logo\/image\/"}}]}},"_links":{"self":[{"href":"https:\/\/alfagenhayvancilik.com\/en\/wp-json\/wp\/v2\/pages\/1427","targetHints":{"allow":["GET"]}}],"collection":[{"href":"https:\/\/alfagenhayvancilik.com\/en\/wp-json\/wp\/v2\/pages"}],"about":[{"href":"https:\/\/alfagenhayvancilik.com\/en\/wp-json\/wp\/v2\/types\/page"}],"author":[{"embeddable":true,"href":"https:\/\/alfagenhayvancilik.com\/en\/wp-json\/wp\/v2\/users\/1"}],"replies":[{"embeddable":true,"href":"https:\/\/alfagenhayvancilik.com\/en\/wp-json\/wp\/v2\/comments?post=1427"}],"version-history":[{"count":10,"href":"https:\/\/alfagenhayvancilik.com\/en\/wp-json\/wp\/v2\/pages\/1427\/revisions"}],"predecessor-version":[{"id":1628,"href":"https:\/\/alfagenhayvancilik.com\/en\/wp-json\/wp\/v2\/pages\/1427\/revisions\/1628"}],"wp:attachment":[{"href":"https:\/\/alfagenhayvancilik.com\/en\/wp-json\/wp\/v2\/media?parent=1427"}],"curies":[{"name":"wp","href":"https:\/\/api.w.org\/{rel}","templated":true}]}}