{"id":1572,"date":"2023-11-01T19:30:53","date_gmt":"2023-11-01T19:30:53","guid":{"rendered":"https:\/\/alfagenhayvancilik.com\/?page_id=1572"},"modified":"2023-11-01T19:30:53","modified_gmt":"2023-11-01T19:30:53","slug":"cerez-politikasi","status":"publish","type":"page","link":"https:\/\/alfagenhayvancilik.com\/en\/cerez-politikasi\/","title":{"rendered":"\u00c7erez Politikas\u0131"},"content":{"rendered":"<ol>\n<li><span style=\"color: #000000;\"><strong> \u00c7erez Politikas\u0131<\/strong><\/span><\/li>\n<\/ol>\n<p><span style=\"color: #000000;\"><strong>\u00a0<\/strong><\/span><\/p>\n<p><span style=\"color: #000000;\">Bu \u00c7erez Politikas\u0131 (k\u0131saca \u201cPolitika\u201d\u00a0olarak an\u0131lacakt\u0131r);\u00a0<strong>Tanay \u00d6zcan<\/strong> (\u201c<strong>Alfagen Hayvanlc\u0131l\u0131k<\/strong>\u201d)\u2018e ait olup, \u00e7erez kullan\u0131m\u0131na ili\u015fkin a\u00e7\u0131klamalar i\u00e7ermektedir. Sitemizi kullanarak \u00e7erezlerin i\u015fbu Politikada belirtilen \u015fekilde kullan\u0131lmalar\u0131n\u0131 onaylam\u0131\u015f olursunuz.<\/span><\/p>\n<p>&nbsp;<\/p>\n<p><span style=\"color: #000000;\"><strong>1.1. \u00c7erez (Cookie) Nedir?<\/strong><\/span><\/p>\n<p><span style=\"color: #000000;\"><strong>\u00a0<\/strong><\/span><\/p>\n<p><span style=\"color: #000000;\">\u00c7erezler, bir internet sitesi ziyaret edildi\u011finde ziyaret\u00e7inin cihaz\u0131nda ve isim-de\u011fer format\u0131nda veri bar\u0131nd\u0131rabilen k\u00fc\u00e7\u00fck dosyalard\u0131r. S\u00f6z konusu dosyalar bunlara eri\u015fim sa\u011flayabilen taray\u0131c\u0131 ve sunucular taraf\u0131ndan anlamland\u0131r\u0131labilmekte ve bu yolla internet sitesine ziyaretin ger\u00e7ekle\u015ftirildi\u011fi cihaz ve dolay\u0131s\u0131yla ilgili kullan\u0131c\u0131 hakk\u0131nda \u00e7e\u015fitli bilgiler elde edilebilmektedir.<\/span><\/p>\n<p>&nbsp;<\/p>\n<p><span style=\"color: #000000;\"><strong>1.2. \u00c7erezler Ne Ama\u00e7la Kullan\u0131lmaktad\u0131r?<\/strong><\/span><\/p>\n<p><span style=\"color: #000000;\"><strong>\u00a0<\/strong><\/span><\/p>\n<p><span style=\"color: #000000;\">\u00c7erezler bir\u00e7ok farkl\u0131 ama\u00e7 i\u00e7in kullan\u0131lmaktad\u0131r. \u00c7erezlere as\u0131l olarak a\u015fa\u011f\u0131daki ama\u00e7larla ba\u015fvurulmaktad\u0131r:<\/span><\/p>\n<p>&nbsp;<\/p>\n<ul>\n<li><span style=\"color: #000000;\">\u0130nternet sitesinin d\u00fczg\u00fcn bir \u015fekilde \u00e7al\u0131\u015fmas\u0131<\/span><\/li>\n<li><span style=\"color: #000000;\">Ziyaret\u00e7iler i\u00e7in daha ki\u015fiselle\u015ftirilmi\u015f ve daha ilgi \u00e7ekici bir deneyim sunulabilmesi<\/span><\/li>\n<li><span style=\"color: #000000;\">\u0130nternet sitesinin geli\u015ftirilerek optimize edilmesi ve<\/span><\/li>\n<li><span style=\"color: #000000;\">Ziyaret\u00e7ilerin tercihlerinin hat\u0131rlanmas\u0131 (\u00d6rne\u011fin; Alfagen Hayvanc\u0131l\u0131k\u2019aa giri\u015f yaparken girdi\u011finiz bilgiler, dil tercihi, sepet bilgileri ve di\u011fer tercihler)<\/span><\/li>\n<\/ul>\n<p>&nbsp;<\/p>\n<p><span style=\"color: #000000;\"><strong>1.3. \u00c7erez T\u00fcrlerimiz<\/strong><\/span><\/p>\n<p><span style=\"color: #000000;\"><strong>\u00a0<\/strong><\/span><\/p>\n<table width=\"100%\">\n<thead>\n<tr>\n<td><span style=\"color: #000000;\"><strong>\u00c7erez T\u00fcr\u00fc<\/strong><\/span><\/td>\n<td><span style=\"color: #000000;\"><strong>A\u00e7\u0131klama<\/strong><\/span><\/td>\n<\/tr>\n<\/thead>\n<tbody>\n<tr>\n<td width=\"16%\"><span style=\"color: #000000;\">Oturum \u00c7erezleri<\/span><\/td>\n<td><span style=\"color: #000000;\">\u0130nternet sitesinden ayr\u0131lana dek cihazlar\u0131n\u0131zda tutulan ge\u00e7ici \u00e7erezleri ifade eder.<\/span><\/td>\n<\/tr>\n<tr>\n<td><span style=\"color: #000000;\">Zorunlu \u00c7erezler<\/span><\/td>\n<td><span style=\"color: #000000;\">\u0130nternet sitesinin d\u00fczg\u00fcn bir \u015fekilde \u00e7al\u0131\u015fabilmesi ve kullan\u0131c\u0131lar\u0131n sitede sunulan hizmetlerden ve gezinme \u00f6zelliklerinden yararlanmalar\u0131 i\u00e7in kullan\u0131lmalar\u0131 mecburi olan \u00e7erezlerdir.<\/span><\/td>\n<\/tr>\n<tr>\n<td><span style=\"color: #000000;\">\u0130\u015flevsel ve Analitik \u00c7erezler<\/span><\/td>\n<td><span style=\"color: #000000;\">Tercihlerinizin hat\u0131rlanmas\u0131, internet sitesinin etkin \u015fekilde kullan\u0131lmas\u0131 hakk\u0131nda verileri i\u00e7eren \u00e7erezlerdir. Niteli\u011fi gere\u011fi bu t\u00fcrdeki \u00e7erezler ki\u015fisel verilerinizi i\u00e7erebilir. \u00d6rne\u011fin; sitemizde dil tercihinizi kaydeden \u00e7erezler birer i\u015flevsel \u00e7erezdir.<\/span><\/td>\n<\/tr>\n<\/tbody>\n<\/table>\n<p><span style=\"color: #000000;\"><strong>\u00a0<\/strong><\/span><\/p>\n<ol start=\"2\">\n<li><span style=\"color: #000000;\"><strong> \u00c7erez Politikalar\u0131m\u0131z<\/strong><\/span><\/li>\n<\/ol>\n<p><span style=\"color: #000000;\"><strong>\u00a0<\/strong><\/span><\/p>\n<p><span style=\"color: #000000;\"><strong>2.1. Alfagen Hayvanc\u0131l\u0131k\u2019n\u0131n Kullan\u0131m\u0131 Kapsam\u0131nda \u00c7erezleri Kim, Nas\u0131l G\u00f6nderir?<\/strong><\/span><\/p>\n<p><span style=\"color: #000000;\">\u00c7erezler;<\/span><\/p>\n<ol>\n<li><span style=\"color: #000000;\">Alfagen Hayvanc\u0131l\u0131k taraf\u0131ndan ve\/veya,<\/span><\/li>\n<li><span style=\"color: #000000;\">E\u011fer ziyaret edilen sayfada video veya foto\u011fraf gibi baz\u0131 i\u00e7erikler sa\u011flanmakta ise, \u00fc\u00e7\u00fcnc\u00fc ki\u015filer taraf\u0131ndan ve gezintiniz s\u0131ras\u0131nda cihaz\u0131n\u0131zda bulunan taray\u0131c\u0131 (Google Chrome, Mozilla vb.) ile sunucular aras\u0131nda kurulan ileti\u015fim vas\u0131tas\u0131yla<\/span><\/li>\n<li><span style=\"color: #000000;\">Google Analytics vb. servisler \u00fczerinden i\u015flenen \u00e7erezler g\u00f6nderilmektedir.<\/span><\/li>\n<\/ol>\n<p>&nbsp;<\/p>\n<ul>\n<li><span style=\"color: #000000;\"><strong>2. Cihaz\u0131n\u0131zdan Ald\u0131\u011f\u0131m\u0131z \u00c7erez Bilgilerini Kullanmam\u0131z<\/strong><\/span><\/li>\n<\/ul>\n<p><span style=\"color: #000000;\"><strong>\u00a0<\/strong><\/span><\/p>\n<p><span style=\"color: #000000;\">\u00c7erezler;<\/span><\/p>\n<ul>\n<li><span style=\"color: #000000;\">Alfagen Hayvanc\u0131l\u0131ki ziyaretiniz s\u0131ras\u0131nda yapt\u0131\u011f\u0131n\u0131z gezinti ve kullan\u0131m tercihlerinin,<\/span><\/li>\n<li><span style=\"color: #000000;\">Tercihlerinize ili\u015fkin bilgilerin hat\u0131rlanmas\u0131nda yard\u0131mc\u0131 olur.<\/span><\/li>\n<\/ul>\n<p>&nbsp;<\/p>\n<p><span style=\"color: #000000;\">Ayr\u0131ca, Alfagen Hayvanc\u0131l\u0131k\u2019da yer alan yaz\u0131lar\u0131, haberleri ve di\u011fer sekmelerde yer alan i\u00e7erikleri ziyaretleriniz s\u0131ras\u0131ndaki t\u0131klama s\u0131kl\u0131\u011f\u0131 ve ziyaret edilen sayfalara ili\u015fkin kullan\u0131m verilerini anonim hale getirmek suretiyle istatistiki ama\u00e7larla kullan\u0131r\u0131z.<\/span><\/p>\n<p><span style=\"color: #000000;\">\u00c7erez verilerini, ki\u015fisel kimli\u011finize eri\u015fmek amac\u0131yla kullanmamaktay\u0131z. Alfagen Hayvanc\u0131l\u0131k, \u00e7erezlerinizi 6698 say\u0131l\u0131 KVKK ve GDPR\u2019a uygun \u015fekilde ve \u201cAlfagen Hayvanc\u0131l\u0131k KVKK ve Gizlilik Politikas\u0131\u2019na\u201d uygun \u00a0i\u015flemektedir.<\/span><\/p>\n<p>&nbsp;<\/p>\n<ul>\n<li><span style=\"color: #000000;\"><strong>3. \u00c7erezleri Nas\u0131l Kontrol Ederim?<\/strong><\/span><\/li>\n<li><\/li>\n<\/ul>\n<p><span style=\"color: #000000;\">Alfagen Hayvanc\u0131l\u0131k\u2019\u0131 kullanabilmek i\u00e7in \u00e7erezleri kabul etmek zorunda de\u011filsiniz fakat bu durumda kullan\u0131c\u0131 deneyiminizin kalitesi d\u00fc\u015febilir.<\/span><\/p>\n<p><span style=\"color: #000000;\">Taray\u0131c\u0131n\u0131z\u0131n \u00e7erezler ile ilgili ayarlar\u0131 hakk\u0131nda detayl\u0131 bilgi i\u00e7in:<\/span><\/p>\n<ul>\n<li><span style=\"color: #000000;\"><a style=\"color: #000000;\" href=\"https:\/\/support.mozilla.com\/en-US\/kb\/cookies-information-websites-store-on-your-computer?redirectlocale=en-US&#038;redirectslug=Cookies\">Firefox<\/a><\/span><\/li>\n<\/ul>\n<p>&nbsp;<\/p>\n<ul>\n<li><span style=\"color: #000000;\"><a style=\"color: #000000;\" href=\"https:\/\/support.google.com\/chrome\/answer\/95647?hl=en&#038;ref_topic=14666\">Chrome<\/a><\/span><\/li>\n<\/ul>\n<p>&nbsp;<\/p>\n<ul>\n<li><span style=\"color: #000000;\"><a style=\"color: #000000;\" href=\"https:\/\/support.apple.com\/kb\/PH17191?locale=en_US\">Safari<\/a><\/span><\/li>\n<\/ul>\n<p>&nbsp;<\/p>\n<ul>\n<li><span style=\"color: #000000;\"><a style=\"color: #000000;\" href=\"https:\/\/support.microsoft.com\/en-us\/help\/17442\/windows-internet-explorer-delete-manage-cookies#ie=ie-10\">Internet Explorer<\/a><\/span><\/li>\n<\/ul>\n<p>&nbsp;<\/p>\n<p><span style=\"color: #000000;\">\u0130nternet taray\u0131c\u0131lar\u0131ndan gerekli ayarlar ile \u00c7erezleri silebilirsiniz.<\/span><\/p>\n<h2><span style=\"color: #000000;\">3. Hangi T\u00fcrlerini Kullan\u0131yoruz?<\/span><\/h2>\n<p><span style=\"color: #000000;\">Oturum \u00e7erezleri (session cookies), zorunlu \u00e7erezler (compulsory cookies), i\u015flevsel ve analitik \u00e7erezler (fonctions and analytics cookies) olmak \u00fczere sitelerimiz genelinde \u00fc\u00e7 t\u00fcr \u00e7erez kullanmaktay\u0131z. Oturum \u00e7erezleri ge\u00e7ici \u00e7erezler olup sadece taray\u0131c\u0131n\u0131z\u0131 kapat\u0131ncaya kadar ge\u00e7erlidirler. Kal\u0131c\u0131 \u00e7erezler siz silinceye veya s\u00fcreleri doluncaya (bu \u015fekilde \u00e7erezlerin cihaz\u0131nda ne kadar kalaca\u011f\u0131, \u00e7erezlerin &#8220;kullan\u0131m \u00f6m\u00fcrlerine&#8221; ba\u011fl\u0131 olacakt\u0131r) kadar sabit diskinizde kal\u0131rlar.<\/span><\/p>\n<p><span style=\"color: #000000;\">Alfagen Hayvanc\u0131l\u0131k, Google, Inc. (&#8220;Google&#8221;) taraf\u0131ndan sa\u011flanan bir web analizi hizmeti olan Google Analytics kullanmaktad\u0131r. Google Analytics, \u00e7erezleri kullan\u0131c\u0131lar\u0131n web sitesini, mobil uygulamay\u0131 ve\/veya mobil sitesini nas\u0131l kulland\u0131klar\u0131n\u0131 istatistiki bilgiler\/raporlar ile analiz etmek amac\u0131yla kullanmaktad\u0131r.<\/span><\/p>\n<h2><span style=\"color: #000000;\">3.1. \u00dc\u00e7\u00fcnc\u00fc Parti \u00c7erezleri (3th Party Cookies)<\/span><\/h2>\n<p><span style=\"color: #000000;\">\u0130\u015f ortaklar\u0131m\u0131z, reklam platformlar\u0131, sosyal medya platformlar\u0131 ile analitik bilgileri toplama hizmeti veren, sitemiz genelinde kullan\u0131lan bu servis sa\u011flay\u0131c\u0131lar hizmetlerini sunabilmeleri i\u00e7in sitelerimizi ziyaret etti\u011finizde, bizim yerimize cihazlar\u0131n\u0131za \u00e7erez kaydetmelerine izin verebiliriz. Bu \u00e7erezler hakk\u0131nda daha fazla bilgi edinmek ve bu \u00e7erezlerin nas\u0131l kontrol edilece\u011fine ili\u015fkin ayr\u0131nt\u0131l\u0131 bilgi i\u00e7in, l\u00fctfen bu \u00fc\u00e7\u00fcnc\u00fc parti kurum ve kurulu\u015flar\u0131n gizlilik politikalar\u0131n\u0131 veya \u00e7erez politikalar\u0131n\u0131 inceleyiniz.<\/span><\/p>\n","protected":false},"excerpt":{"rendered":"<p>\u00c7erez Politikas\u0131 \u00a0 Bu \u00c7erez Politikas\u0131 (k\u0131saca \u201cPolitika\u201d\u00a0olarak an\u0131lacakt\u0131r);\u00a0Tanay \u00d6zcan (\u201cAlfagen Hayvanlc\u0131l\u0131k\u201d)\u2018e ait olup, \u00e7erez kullan\u0131m\u0131na ili\u015fkin a\u00e7\u0131klamalar i\u00e7ermektedir. Sitemizi kullanarak \u00e7erezlerin i\u015fbu Politikada belirtilen \u015fekilde kullan\u0131lmalar\u0131n\u0131 onaylam\u0131\u015f olursunuz. &nbsp; 1.1. \u00c7erez (Cookie) Nedir? \u00a0 \u00c7erezler, bir internet sitesi ziyaret edildi\u011finde ziyaret\u00e7inin cihaz\u0131nda ve isim-de\u011fer format\u0131nda veri bar\u0131nd\u0131rabilen k\u00fc\u00e7\u00fck dosyalard\u0131r. S\u00f6z konusu dosyalar bunlara eri\u015fim [&hellip;]<\/p>\n","protected":false},"author":1,"featured_media":0,"parent":0,"menu_order":0,"comment_status":"closed","ping_status":"closed","template":"","meta":{"footnotes":""},"class_list":["post-1572","page","type-page","status-publish","hentry"],"yoast_head":"<!-- This site is optimized with the Yoast SEO plugin v27.2 - https:\/\/yoast.com\/product\/yoast-seo-wordpress\/ -->\n<title>\u00c7erez Politikas\u0131 - Alfagen Hayvanc\u0131l\u0131k<\/title>\n<meta name=\"robots\" content=\"index, follow, max-snippet:-1, max-image-preview:large, max-video-preview:-1\" \/>\n<link rel=\"canonical\" href=\"https:\/\/alfagenhayvancilik.com\/cerez-politikasi\/\" \/>\n<meta property=\"og:locale\" content=\"en_US\" \/>\n<meta property=\"og:type\" content=\"article\" \/>\n<meta property=\"og:title\" content=\"\u00c7erez Politikas\u0131\" \/>\n<meta property=\"og:description\" content=\"\u00c7erez Politikas\u0131 \u00a0 Bu \u00c7erez Politikas\u0131 (k\u0131saca \u201cPolitika\u201d\u00a0olarak an\u0131lacakt\u0131r);\u00a0Tanay \u00d6zcan (\u201cAlfagen Hayvanlc\u0131l\u0131k\u201d)\u2018e ait olup, \u00e7erez kullan\u0131m\u0131na ili\u015fkin a\u00e7\u0131klamalar i\u00e7ermektedir. Sitemizi kullanarak \u00e7erezlerin i\u015fbu Politikada belirtilen \u015fekilde kullan\u0131lmalar\u0131n\u0131 onaylam\u0131\u015f olursunuz. &nbsp; 1.1. \u00c7erez (Cookie) Nedir? \u00a0 \u00c7erezler, bir internet sitesi ziyaret edildi\u011finde ziyaret\u00e7inin cihaz\u0131nda ve isim-de\u011fer format\u0131nda veri bar\u0131nd\u0131rabilen k\u00fc\u00e7\u00fck dosyalard\u0131r. S\u00f6z konusu dosyalar bunlara eri\u015fim [&hellip;]\" \/>\n<meta property=\"og:url\" content=\"https:\/\/alfagenhayvancilik.com\/cerez-politikasi\/\" \/>\n<meta property=\"og:site_name\" content=\"Alfagen Hayvanc\u0131l\u0131k\" \/>\n<meta name=\"twitter:card\" content=\"summary_large_image\" \/>\n<meta name=\"twitter:label1\" content=\"Est. reading time\" \/>\n\t<meta name=\"twitter:data1\" content=\"4 minutes\" \/>\n<script type=\"application\/ld+json\" class=\"yoast-schema-graph\">{\"@context\":\"https:\/\/schema.org\",\"@graph\":[{\"@type\":\"WebPage\",\"@id\":\"https:\/\/alfagenhayvancilik.com\/cerez-politikasi\/\",\"url\":\"https:\/\/alfagenhayvancilik.com\/cerez-politikasi\/\",\"name\":\"[:tr]\u00c7erez Politikas\u0131[:] - Alfagen Hayvanc\u0131l\u0131k\",\"isPartOf\":{\"@id\":\"https:\/\/alfagenhayvancilik.com\/#website\"},\"datePublished\":\"2023-11-01T19:30:53+00:00\",\"breadcrumb\":{\"@id\":\"https:\/\/alfagenhayvancilik.com\/cerez-politikasi\/#breadcrumb\"},\"inLanguage\":\"en-US\",\"potentialAction\":[{\"@type\":\"ReadAction\",\"target\":[\"https:\/\/alfagenhayvancilik.com\/cerez-politikasi\/\"]}]},{\"@type\":\"BreadcrumbList\",\"@id\":\"https:\/\/alfagenhayvancilik.com\/cerez-politikasi\/#breadcrumb\",\"itemListElement\":[{\"@type\":\"ListItem\",\"position\":1,\"name\":\"Anasayfa\",\"item\":\"https:\/\/alfagenhayvancilik.com\/\"},{\"@type\":\"ListItem\",\"position\":2,\"name\":\"\u00c7erez Politikas\u0131\"}]},{\"@type\":\"WebSite\",\"@id\":\"https:\/\/alfagenhayvancilik.com\/#website\",\"url\":\"https:\/\/alfagenhayvancilik.com\/\",\"name\":\"Alfagen Hayvanc\u0131l\u0131k\",\"description\":\"Holstein Simmental Bo\u011fa Spermalar\u0131\",\"publisher\":{\"@id\":\"https:\/\/alfagenhayvancilik.com\/#organization\"},\"potentialAction\":[{\"@type\":\"SearchAction\",\"target\":{\"@type\":\"EntryPoint\",\"urlTemplate\":\"https:\/\/alfagenhayvancilik.com\/?s={search_term_string}\"},\"query-input\":{\"@type\":\"PropertyValueSpecification\",\"valueRequired\":true,\"valueName\":\"search_term_string\"}}],\"inLanguage\":\"en-US\"},{\"@type\":\"Organization\",\"@id\":\"https:\/\/alfagenhayvancilik.com\/#organization\",\"name\":\"Alfagen Hayvanc\u0131l\u0131k Ltd. \u015eti.\",\"url\":\"https:\/\/alfagenhayvancilik.com\/\",\"logo\":{\"@type\":\"ImageObject\",\"inLanguage\":\"en-US\",\"@id\":\"https:\/\/alfagenhayvancilik.com\/#\/schema\/logo\/image\/\",\"url\":\"https:\/\/alfagenhayvancilik.com\/wp-content\/uploads\/2022\/12\/alfagen-kurumsal-logo2022.png\",\"contentUrl\":\"https:\/\/alfagenhayvancilik.com\/wp-content\/uploads\/2022\/12\/alfagen-kurumsal-logo2022.png\",\"width\":270,\"height\":70,\"caption\":\"Alfagen Hayvanc\u0131l\u0131k Ltd. \u015eti.\"},\"image\":{\"@id\":\"https:\/\/alfagenhayvancilik.com\/#\/schema\/logo\/image\/\"}}]}<\/script>\n<!-- \/ Yoast SEO plugin. -->","yoast_head_json":{"title":"\u00c7erez Politikas\u0131 - Alfagen Hayvanc\u0131l\u0131k","robots":{"index":"index","follow":"follow","max-snippet":"max-snippet:-1","max-image-preview":"max-image-preview:large","max-video-preview":"max-video-preview:-1"},"canonical":"https:\/\/alfagenhayvancilik.com\/cerez-politikasi\/","og_locale":"en_US","og_type":"article","og_title":"[:tr]\u00c7erez Politikas\u0131[:] - Alfagen Hayvanc\u0131l\u0131k","og_description":"\u00c7erez Politikas\u0131 \u00a0 Bu \u00c7erez Politikas\u0131 (k\u0131saca \u201cPolitika\u201d\u00a0olarak an\u0131lacakt\u0131r);\u00a0Tanay \u00d6zcan (\u201cAlfagen Hayvanlc\u0131l\u0131k\u201d)\u2018e ait olup, \u00e7erez kullan\u0131m\u0131na ili\u015fkin a\u00e7\u0131klamalar i\u00e7ermektedir. Sitemizi kullanarak \u00e7erezlerin i\u015fbu Politikada belirtilen \u015fekilde kullan\u0131lmalar\u0131n\u0131 onaylam\u0131\u015f olursunuz. &nbsp; 1.1. \u00c7erez (Cookie) Nedir? \u00a0 \u00c7erezler, bir internet sitesi ziyaret edildi\u011finde ziyaret\u00e7inin cihaz\u0131nda ve isim-de\u011fer format\u0131nda veri bar\u0131nd\u0131rabilen k\u00fc\u00e7\u00fck dosyalard\u0131r. S\u00f6z konusu dosyalar bunlara eri\u015fim [&hellip;]","og_url":"https:\/\/alfagenhayvancilik.com\/cerez-politikasi\/","og_site_name":"Alfagen Hayvanc\u0131l\u0131k","twitter_card":"summary_large_image","twitter_misc":{"Est. reading time":"4 minutes"},"schema":{"@context":"https:\/\/schema.org","@graph":[{"@type":"WebPage","@id":"https:\/\/alfagenhayvancilik.com\/cerez-politikasi\/","url":"https:\/\/alfagenhayvancilik.com\/cerez-politikasi\/","name":"[:tr]\u00c7erez Politikas\u0131[:] - Alfagen Hayvanc\u0131l\u0131k","isPartOf":{"@id":"https:\/\/alfagenhayvancilik.com\/#website"},"datePublished":"2023-11-01T19:30:53+00:00","breadcrumb":{"@id":"https:\/\/alfagenhayvancilik.com\/cerez-politikasi\/#breadcrumb"},"inLanguage":"en-US","potentialAction":[{"@type":"ReadAction","target":["https:\/\/alfagenhayvancilik.com\/cerez-politikasi\/"]}]},{"@type":"BreadcrumbList","@id":"https:\/\/alfagenhayvancilik.com\/cerez-politikasi\/#breadcrumb","itemListElement":[{"@type":"ListItem","position":1,"name":"Anasayfa","item":"https:\/\/alfagenhayvancilik.com\/"},{"@type":"ListItem","position":2,"name":"\u00c7erez Politikas\u0131"}]},{"@type":"WebSite","@id":"https:\/\/alfagenhayvancilik.com\/#website","url":"https:\/\/alfagenhayvancilik.com\/","name":"Alfagen Hayvanc\u0131l\u0131k","description":"Holstein Simmental Bo\u011fa Spermalar\u0131","publisher":{"@id":"https:\/\/alfagenhayvancilik.com\/#organization"},"potentialAction":[{"@type":"SearchAction","target":{"@type":"EntryPoint","urlTemplate":"https:\/\/alfagenhayvancilik.com\/?s={search_term_string}"},"query-input":{"@type":"PropertyValueSpecification","valueRequired":true,"valueName":"search_term_string"}}],"inLanguage":"en-US"},{"@type":"Organization","@id":"https:\/\/alfagenhayvancilik.com\/#organization","name":"Alfagen Hayvanc\u0131l\u0131k Ltd. \u015eti.","url":"https:\/\/alfagenhayvancilik.com\/","logo":{"@type":"ImageObject","inLanguage":"en-US","@id":"https:\/\/alfagenhayvancilik.com\/#\/schema\/logo\/image\/","url":"https:\/\/alfagenhayvancilik.com\/wp-content\/uploads\/2022\/12\/alfagen-kurumsal-logo2022.png","contentUrl":"https:\/\/alfagenhayvancilik.com\/wp-content\/uploads\/2022\/12\/alfagen-kurumsal-logo2022.png","width":270,"height":70,"caption":"Alfagen Hayvanc\u0131l\u0131k Ltd. \u015eti."},"image":{"@id":"https:\/\/alfagenhayvancilik.com\/#\/schema\/logo\/image\/"}}]}},"_links":{"self":[{"href":"https:\/\/alfagenhayvancilik.com\/en\/wp-json\/wp\/v2\/pages\/1572","targetHints":{"allow":["GET"]}}],"collection":[{"href":"https:\/\/alfagenhayvancilik.com\/en\/wp-json\/wp\/v2\/pages"}],"about":[{"href":"https:\/\/alfagenhayvancilik.com\/en\/wp-json\/wp\/v2\/types\/page"}],"author":[{"embeddable":true,"href":"https:\/\/alfagenhayvancilik.com\/en\/wp-json\/wp\/v2\/users\/1"}],"replies":[{"embeddable":true,"href":"https:\/\/alfagenhayvancilik.com\/en\/wp-json\/wp\/v2\/comments?post=1572"}],"version-history":[{"count":1,"href":"https:\/\/alfagenhayvancilik.com\/en\/wp-json\/wp\/v2\/pages\/1572\/revisions"}],"predecessor-version":[{"id":1573,"href":"https:\/\/alfagenhayvancilik.com\/en\/wp-json\/wp\/v2\/pages\/1572\/revisions\/1573"}],"wp:attachment":[{"href":"https:\/\/alfagenhayvancilik.com\/en\/wp-json\/wp\/v2\/media?parent=1572"}],"curies":[{"name":"wp","href":"https:\/\/api.w.org\/{rel}","templated":true}]}}