{"id":20,"date":"2016-05-19T06:50:06","date_gmt":"2016-05-19T06:50:06","guid":{"rendered":"http:\/\/themes.g5plus.net\/pithree\/?page_id=20"},"modified":"2024-12-21T08:50:23","modified_gmt":"2024-12-21T08:50:23","slug":"home-1","status":"publish","type":"page","link":"https:\/\/alfagenhayvancilik.com\/en\/","title":{"rendered":"Ana Sayfa"},"content":{"rendered":"<p>[vc_row][vc_column][rev_slider_vc alias=&#8221;pithree-slider&#8221;][\/vc_column][\/vc_row][vc_row layout=&#8221;container&#8221; css=&#8221;.vc_custom_1673041290100{background-color: #ffffff !important;}&#8221;][vc_column css_animation=&#8221;none&#8221;][vc_empty_space height=&#8221;15&#8243;][vc_text_separator title=&#8221;BO\u011eA SPERMALARI&#8221; color=&#8221;juicy_pink&#8221; css_animation=&#8221;bounceInRight&#8221;][vc_empty_space height=&#8221;15&#8243;][vc_empty_space height=&#8221;15&#8243;][\/vc_column][vc_column css_animation=&#8221;slideInUp&#8221; width=&#8221;1\/3&#8243;][vc_single_image image=&#8221;1437&#8243; img_size=&#8221;full&#8221; alignment=&#8221;center&#8221; onclick=&#8221;custom_link&#8221; link=&#8221;https:\/\/alfagenhayvancilik.com\/holstein-boga-spermalari-izmir-aydin-manisa\/&#8221;][vc_empty_space height=&#8221;15&#8243;][vc_empty_space height=&#8221;15&#8243;][vc_btn title=&#8221;HOLSTEIN &#8211; \u0130NCELE&#8221; style=&#8221;outline&#8221; color=&#8221;inverse&#8221; size=&#8221;sm&#8221; align=&#8221;center&#8221; link=&#8221;url:https%3A%2F%2Falfagenhayvancilik.com%2Fholstein-boga-spermalari-izmir-aydin-manisa%2F&#8221;][vc_empty_space height=&#8221;15&#8243;][\/vc_column][vc_column css_animation=&#8221;slideInUp&#8221; width=&#8221;1\/3&#8243;][vc_single_image image=&#8221;1480&#8243; img_size=&#8221;full&#8221; alignment=&#8221;center&#8221; onclick=&#8221;custom_link&#8221; link=&#8221;https:\/\/alfagenhayvancilik.com\/simmental-boga-spermalari-izmir-aydin-manisa\/&#8221;][vc_empty_space height=&#8221;15&#8243;][vc_empty_space height=&#8221;15&#8243;][vc_btn title=&#8221;SIMMENTAL \u0130NCELE&#8221; style=&#8221;outline&#8221; color=&#8221;inverse&#8221; size=&#8221;sm&#8221; align=&#8221;center&#8221; link=&#8221;url:https%3A%2F%2Falfagenhayvancilik.com%2Fsimmental-boga-spermalari-izmir-aydin-manisa%2F&#8221;][vc_empty_space height=&#8221;15&#8243;][\/vc_column][vc_column css_animation=&#8221;slideInUp&#8221; width=&#8221;1\/3&#8243;][vc_single_image image=&#8221;1481&#8243; img_size=&#8221;full&#8221; alignment=&#8221;center&#8221; onclick=&#8221;custom_link&#8221; link=&#8221;https:\/\/alfagenhayvancilik.com\/brown-swiss-montbeliarde-boga-spermalari\/&#8221;][vc_empty_space height=&#8221;15&#8243;][vc_empty_space height=&#8221;15&#8243;][vc_btn title=&#8221;D\u0130\u011eER IRKLAR &#8211; \u0130NCELE&#8221; style=&#8221;outline&#8221; color=&#8221;inverse&#8221; size=&#8221;sm&#8221; align=&#8221;center&#8221; link=&#8221;url:https%3A%2F%2Falfagenhayvancilik.com%2Fbrown-swiss-montbeliarde-boga-spermalari%2F&#8221;][vc_empty_space height=&#8221;15&#8243;][\/vc_column][vc_column][vc_empty_space height=&#8221;15&#8243;][\/vc_column][\/vc_row][vc_row overlay_mode=&#8221;color&#8221; overlay_color=&#8221;rgba(51,66,81,0.85)&#8221; el_class=&#8221;pd-top-90 pd-bottom-90&#8243; css=&#8221;.vc_custom_1672485669882{background-image: url(https:\/\/alfagenhayvancilik.com\/wp-content\/uploads\/2022\/12\/arka-plan.png?id=1272) !important;background-position: center !important;background-repeat: no-repeat !important;background-size: cover !important;}&#8221;][vc_column css_animation=&#8221;bounceInLeft&#8221;][vc_row_inner layout=&#8221;container&#8221;][vc_column_inner width=&#8221;1\/12&#8243;][vc_empty_space height=&#8221;1px&#8221;][\/vc_column_inner][vc_column_inner width=&#8221;5\/6&#8243; offset=&#8221;vc_col-lg-10&#8243;][g5plus_heading title=&#8221;Neden Alfagen?&#8221; sub_title=&#8221;Y\u0131llar boyunca verdi\u011fimiz emek sonucu olu\u015fan sekt\u00f6r deneyimimizi, s\u00fcrekli g\u00fcncellenen ve b\u00fcy\u00fcyen s\u00fct end\u00fcstrisi alan\u0131ndaki bilgi birikimimizi bir araya getiriyoruz. Ara\u015ft\u0131rmaya ve yenilenmeye olan tutkumuzu d\u00fcr\u00fcstl\u00fck ilkemizle birle\u015ftirerek sizler i\u00e7in en iyiyi sunuyoruz.&#8221; color_schema=&#8221;light&#8221;][\/vc_column_inner][vc_column_inner width=&#8221;1\/12&#8243;][vc_empty_space height=&#8221;1px&#8221;][\/vc_column_inner][\/vc_row_inner][\/vc_column][\/vc_row][vc_row layout=&#8221;container&#8221; el_class=&#8221;mg-top-60 mg-bottom-60&#8243;][vc_column][vc_text_separator title=&#8221;HAKKIMIZDA&#8221; color=&#8221;juicy_pink&#8221; css_animation=&#8221;bounceInLeft&#8221;][vc_empty_space height=&#8221;15&#8243;][\/vc_column][vc_column css_animation=&#8221;slideInUp&#8221; width=&#8221;1\/2&#8243;][vc_column_text]<span style=\"color: #000000;\"><img loading=\"lazy\" decoding=\"async\" class=\"alignnone size-full wp-image-1285\" src=\"https:\/\/alfagenhayvancilik.com\/wp-content\/uploads\/2022\/12\/alfagen-mobil-logo.png\" alt=\"\" width=\"270\" height=\"70\" \/><br \/>\nY\u0131llar boyunca verdi\u011fimiz emek sonucu olu\u015fan sekt\u00f6r deneyimimizi, s\u00fcrekli g\u00fcncellenen ve b\u00fcy\u00fcyen s\u00fct end\u00fcstrisi alan\u0131ndaki bilgi birikimimizi bir araya getiriyoruz. Ara\u015ft\u0131rmaya ve yenilenmeye olan tutkumuzu d\u00fcr\u00fcstl\u00fck ilkemizle birle\u015ftirerek sizler i\u00e7in en iyiyi sunuyoruz.<\/span><\/p>\n<p><span style=\"color: #000000;\">Sekt\u00f6r\u00fcn gerek finans ve pazarlama gerek akademik alanda deneyimli isimlerinin bir araya gelmesiyle 2021 y\u0131l\u0131nda kurulmu\u015f Alfagen Hayvanc\u0131l\u0131k firmas\u0131, \u00fcreticiler i\u00e7in dam\u0131zl\u0131k de\u011feri y\u00fcksek bo\u011falar\u0131 ke\u015ffedip bu bo\u011falar\u0131n spermalar\u0131n\u0131n tedari\u011fini sa\u011flayarak de\u011ferli \u00fcreticilerimize ula\u015ft\u0131r\u0131lmas\u0131n\u0131 sa\u011flamaktad\u0131r.<\/span>[\/vc_column_text][vc_empty_space height=&#8221;10&#8243;][vc_btn title=&#8221;Bizi Yak\u0131ndan Tan\u0131y\u0131n >>>&#8221; style=&#8221;outline&#8221; color=&#8221;pink&#8221; size=&#8221;sm&#8221; link=&#8221;url:%2Fhakkimizda&#8221;][\/vc_column][vc_column css_animation=&#8221;slideInUp&#8221; width=&#8221;1\/2&#8243;][vc_single_image image=&#8221;1303&#8243; img_size=&#8221;full&#8221; alignment=&#8221;center&#8221;][\/vc_column][\/vc_row]<\/p>\n","protected":false},"excerpt":{"rendered":"<p>[vc_row][vc_column][rev_slider_vc alias=&#8221;pithree-slider&#8221;][\/vc_column][\/vc_row][vc_row layout=&#8221;container&#8221; css=&#8221;.vc_custom_1673041290100{background-color: #ffffff !important;}&#8221;][vc_column css_animation=&#8221;none&#8221;][vc_empty_space height=&#8221;15&#8243;][vc_text_separator title=&#8221;BO\u011eA SPERMALARI&#8221; color=&#8221;juicy_pink&#8221; css_animation=&#8221;bounceInRight&#8221;][vc_empty_space height=&#8221;15&#8243;][vc_empty_space height=&#8221;15&#8243;][\/vc_column][vc_column css_animation=&#8221;slideInUp&#8221; width=&#8221;1\/3&#8243;][vc_single_image image=&#8221;1437&#8243; img_size=&#8221;full&#8221; alignment=&#8221;center&#8221; onclick=&#8221;custom_link&#8221; link=&#8221;https:\/\/alfagenhayvancilik.com\/holstein-boga-spermalari-izmir-aydin-manisa\/&#8221;][vc_empty_space height=&#8221;15&#8243;][vc_empty_space height=&#8221;15&#8243;][vc_btn title=&#8221;HOLSTEIN &#8211; \u0130NCELE&#8221; style=&#8221;outline&#8221; color=&#8221;inverse&#8221; size=&#8221;sm&#8221; align=&#8221;center&#8221; link=&#8221;url:https%3A%2F%2Falfagenhayvancilik.com%2Fholstein-boga-spermalari-izmir-aydin-manisa%2F&#8221;][vc_empty_space height=&#8221;15&#8243;][\/vc_column][vc_column css_animation=&#8221;slideInUp&#8221; width=&#8221;1\/3&#8243;][vc_single_image image=&#8221;1480&#8243; img_size=&#8221;full&#8221; alignment=&#8221;center&#8221; onclick=&#8221;custom_link&#8221; link=&#8221;https:\/\/alfagenhayvancilik.com\/simmental-boga-spermalari-izmir-aydin-manisa\/&#8221;][vc_empty_space height=&#8221;15&#8243;][vc_empty_space height=&#8221;15&#8243;][vc_btn title=&#8221;SIMMENTAL \u0130NCELE&#8221; style=&#8221;outline&#8221; color=&#8221;inverse&#8221; size=&#8221;sm&#8221; align=&#8221;center&#8221; link=&#8221;url:https%3A%2F%2Falfagenhayvancilik.com%2Fsimmental-boga-spermalari-izmir-aydin-manisa%2F&#8221;][vc_empty_space height=&#8221;15&#8243;][\/vc_column][vc_column css_animation=&#8221;slideInUp&#8221; width=&#8221;1\/3&#8243;][vc_single_image image=&#8221;1481&#8243; img_size=&#8221;full&#8221; alignment=&#8221;center&#8221; onclick=&#8221;custom_link&#8221; [&hellip;]<\/p>\n","protected":false},"author":1,"featured_media":0,"parent":0,"menu_order":0,"comment_status":"closed","ping_status":"closed","template":"","meta":{"footnotes":""},"class_list":["post-20","page","type-page","status-publish","hentry"],"yoast_head":"<!-- This site is optimized with the Yoast SEO plugin v27.2 - https:\/\/yoast.com\/product\/yoast-seo-wordpress\/ -->\n<title>Alfagen Hayvanc\u0131l\u0131k | Holstein, Simmental Bo\u011fa Spermalar\u0131<\/title>\n<meta name=\"description\" content=\"Alfagen Hayvanc\u0131l\u0131k, Alfagen, Holstein, Simmental, Brown Swiss Montbeliarde bo\u011fa spermalar\u0131 sat\u0131\u015f, destek ve dan\u0131\u015fmanl\u0131k hizmetleri.\" \/>\n<meta name=\"robots\" content=\"index, follow, max-snippet:-1, max-image-preview:large, max-video-preview:-1\" \/>\n<link rel=\"canonical\" href=\"https:\/\/alfagenhayvancilik.com\/\" \/>\n<meta property=\"og:locale\" content=\"en_US\" \/>\n<meta property=\"og:type\" content=\"article\" \/>\n<meta property=\"og:title\" content=\"Alfagen Hayvanc\u0131l\u0131k | Holstein, Simmental Bo\u011fa Spermalar\u0131\" \/>\n<meta property=\"og:description\" content=\"Alfagen Hayvanc\u0131l\u0131k, Alfagen, Holstein, Simmental, Brown Swiss Montbeliarde bo\u011fa spermalar\u0131 sat\u0131\u015f, destek ve dan\u0131\u015fmanl\u0131k hizmetleri.\" \/>\n<meta property=\"og:url\" content=\"https:\/\/alfagenhayvancilik.com\/\" \/>\n<meta property=\"og:site_name\" content=\"Alfagen Hayvanc\u0131l\u0131k\" \/>\n<meta property=\"article:modified_time\" content=\"2024-12-21T08:50:23+00:00\" \/>\n<meta property=\"og:image\" content=\"https:\/\/alfagenhayvancilik.com\/wp-content\/uploads\/2022\/12\/alfagen-mobil-logo.png\" \/>\n<meta name=\"twitter:card\" content=\"summary_large_image\" \/>\n<meta name=\"twitter:label1\" content=\"Est. reading time\" \/>\n\t<meta name=\"twitter:data1\" content=\"2 minutes\" \/>\n<script type=\"application\/ld+json\" class=\"yoast-schema-graph\">{\"@context\":\"https:\/\/schema.org\",\"@graph\":[{\"@type\":\"WebPage\",\"@id\":\"https:\/\/alfagenhayvancilik.com\/\",\"url\":\"https:\/\/alfagenhayvancilik.com\/\",\"name\":\"Alfagen Hayvanc\u0131l\u0131k | Holstein, Simmental Bo\u011fa Spermalar\u0131\",\"isPartOf\":{\"@id\":\"https:\/\/alfagenhayvancilik.com\/#website\"},\"primaryImageOfPage\":{\"@id\":\"https:\/\/alfagenhayvancilik.com\/#primaryimage\"},\"image\":{\"@id\":\"https:\/\/alfagenhayvancilik.com\/#primaryimage\"},\"thumbnailUrl\":\"https:\/\/alfagenhayvancilik.com\/wp-content\/uploads\/2022\/12\/alfagen-mobil-logo.png\",\"datePublished\":\"2016-05-19T06:50:06+00:00\",\"dateModified\":\"2024-12-21T08:50:23+00:00\",\"description\":\"Alfagen Hayvanc\u0131l\u0131k, Alfagen, Holstein, Simmental, Brown Swiss Montbeliarde bo\u011fa spermalar\u0131 sat\u0131\u015f, destek ve dan\u0131\u015fmanl\u0131k hizmetleri.\",\"breadcrumb\":{\"@id\":\"https:\/\/alfagenhayvancilik.com\/#breadcrumb\"},\"inLanguage\":\"en-US\",\"potentialAction\":[{\"@type\":\"ReadAction\",\"target\":[\"https:\/\/alfagenhayvancilik.com\/\"]}]},{\"@type\":\"ImageObject\",\"inLanguage\":\"en-US\",\"@id\":\"https:\/\/alfagenhayvancilik.com\/#primaryimage\",\"url\":\"https:\/\/alfagenhayvancilik.com\/wp-content\/uploads\/2022\/12\/alfagen-mobil-logo.png\",\"contentUrl\":\"https:\/\/alfagenhayvancilik.com\/wp-content\/uploads\/2022\/12\/alfagen-mobil-logo.png\"},{\"@type\":\"BreadcrumbList\",\"@id\":\"https:\/\/alfagenhayvancilik.com\/#breadcrumb\",\"itemListElement\":[{\"@type\":\"ListItem\",\"position\":1,\"name\":\"Anasayfa\",\"item\":\"https:\/\/alfagenhayvancilik.com\/\"},{\"@type\":\"ListItem\",\"position\":2,\"name\":\"Ana Sayfa\"}]},{\"@type\":\"WebSite\",\"@id\":\"https:\/\/alfagenhayvancilik.com\/#website\",\"url\":\"https:\/\/alfagenhayvancilik.com\/\",\"name\":\"Alfagen Hayvanc\u0131l\u0131k\",\"description\":\"Holstein Simmental Bo\u011fa Spermalar\u0131\",\"publisher\":{\"@id\":\"https:\/\/alfagenhayvancilik.com\/#organization\"},\"potentialAction\":[{\"@type\":\"SearchAction\",\"target\":{\"@type\":\"EntryPoint\",\"urlTemplate\":\"https:\/\/alfagenhayvancilik.com\/?s={search_term_string}\"},\"query-input\":{\"@type\":\"PropertyValueSpecification\",\"valueRequired\":true,\"valueName\":\"search_term_string\"}}],\"inLanguage\":\"en-US\"},{\"@type\":\"Organization\",\"@id\":\"https:\/\/alfagenhayvancilik.com\/#organization\",\"name\":\"Alfagen Hayvanc\u0131l\u0131k Ltd. \u015eti.\",\"url\":\"https:\/\/alfagenhayvancilik.com\/\",\"logo\":{\"@type\":\"ImageObject\",\"inLanguage\":\"en-US\",\"@id\":\"https:\/\/alfagenhayvancilik.com\/#\/schema\/logo\/image\/\",\"url\":\"https:\/\/alfagenhayvancilik.com\/wp-content\/uploads\/2022\/12\/alfagen-kurumsal-logo2022.png\",\"contentUrl\":\"https:\/\/alfagenhayvancilik.com\/wp-content\/uploads\/2022\/12\/alfagen-kurumsal-logo2022.png\",\"width\":270,\"height\":70,\"caption\":\"Alfagen Hayvanc\u0131l\u0131k Ltd. \u015eti.\"},\"image\":{\"@id\":\"https:\/\/alfagenhayvancilik.com\/#\/schema\/logo\/image\/\"}}]}<\/script>\n<!-- \/ Yoast SEO plugin. -->","yoast_head_json":{"title":"Alfagen Hayvanc\u0131l\u0131k | Holstein, Simmental Bo\u011fa Spermalar\u0131","description":"Alfagen Hayvanc\u0131l\u0131k, Alfagen, Holstein, Simmental, Brown Swiss Montbeliarde bo\u011fa spermalar\u0131 sat\u0131\u015f, destek ve dan\u0131\u015fmanl\u0131k hizmetleri.","robots":{"index":"index","follow":"follow","max-snippet":"max-snippet:-1","max-image-preview":"max-image-preview:large","max-video-preview":"max-video-preview:-1"},"canonical":"https:\/\/alfagenhayvancilik.com\/","og_locale":"en_US","og_type":"article","og_title":"Alfagen Hayvanc\u0131l\u0131k | Holstein, Simmental Bo\u011fa Spermalar\u0131","og_description":"Alfagen Hayvanc\u0131l\u0131k, Alfagen, Holstein, Simmental, Brown Swiss Montbeliarde bo\u011fa spermalar\u0131 sat\u0131\u015f, destek ve dan\u0131\u015fmanl\u0131k hizmetleri.","og_url":"https:\/\/alfagenhayvancilik.com\/","og_site_name":"Alfagen Hayvanc\u0131l\u0131k","article_modified_time":"2024-12-21T08:50:23+00:00","og_image":[{"url":"https:\/\/alfagenhayvancilik.com\/wp-content\/uploads\/2022\/12\/alfagen-mobil-logo.png","type":"","width":"","height":""}],"twitter_card":"summary_large_image","twitter_misc":{"Est. reading time":"2 minutes"},"schema":{"@context":"https:\/\/schema.org","@graph":[{"@type":"WebPage","@id":"https:\/\/alfagenhayvancilik.com\/","url":"https:\/\/alfagenhayvancilik.com\/","name":"Alfagen Hayvanc\u0131l\u0131k | Holstein, Simmental Bo\u011fa Spermalar\u0131","isPartOf":{"@id":"https:\/\/alfagenhayvancilik.com\/#website"},"primaryImageOfPage":{"@id":"https:\/\/alfagenhayvancilik.com\/#primaryimage"},"image":{"@id":"https:\/\/alfagenhayvancilik.com\/#primaryimage"},"thumbnailUrl":"https:\/\/alfagenhayvancilik.com\/wp-content\/uploads\/2022\/12\/alfagen-mobil-logo.png","datePublished":"2016-05-19T06:50:06+00:00","dateModified":"2024-12-21T08:50:23+00:00","description":"Alfagen Hayvanc\u0131l\u0131k, Alfagen, Holstein, Simmental, Brown Swiss Montbeliarde bo\u011fa spermalar\u0131 sat\u0131\u015f, destek ve dan\u0131\u015fmanl\u0131k hizmetleri.","breadcrumb":{"@id":"https:\/\/alfagenhayvancilik.com\/#breadcrumb"},"inLanguage":"en-US","potentialAction":[{"@type":"ReadAction","target":["https:\/\/alfagenhayvancilik.com\/"]}]},{"@type":"ImageObject","inLanguage":"en-US","@id":"https:\/\/alfagenhayvancilik.com\/#primaryimage","url":"https:\/\/alfagenhayvancilik.com\/wp-content\/uploads\/2022\/12\/alfagen-mobil-logo.png","contentUrl":"https:\/\/alfagenhayvancilik.com\/wp-content\/uploads\/2022\/12\/alfagen-mobil-logo.png"},{"@type":"BreadcrumbList","@id":"https:\/\/alfagenhayvancilik.com\/#breadcrumb","itemListElement":[{"@type":"ListItem","position":1,"name":"Anasayfa","item":"https:\/\/alfagenhayvancilik.com\/"},{"@type":"ListItem","position":2,"name":"Ana Sayfa"}]},{"@type":"WebSite","@id":"https:\/\/alfagenhayvancilik.com\/#website","url":"https:\/\/alfagenhayvancilik.com\/","name":"Alfagen Hayvanc\u0131l\u0131k","description":"Holstein Simmental Bo\u011fa Spermalar\u0131","publisher":{"@id":"https:\/\/alfagenhayvancilik.com\/#organization"},"potentialAction":[{"@type":"SearchAction","target":{"@type":"EntryPoint","urlTemplate":"https:\/\/alfagenhayvancilik.com\/?s={search_term_string}"},"query-input":{"@type":"PropertyValueSpecification","valueRequired":true,"valueName":"search_term_string"}}],"inLanguage":"en-US"},{"@type":"Organization","@id":"https:\/\/alfagenhayvancilik.com\/#organization","name":"Alfagen Hayvanc\u0131l\u0131k Ltd. \u015eti.","url":"https:\/\/alfagenhayvancilik.com\/","logo":{"@type":"ImageObject","inLanguage":"en-US","@id":"https:\/\/alfagenhayvancilik.com\/#\/schema\/logo\/image\/","url":"https:\/\/alfagenhayvancilik.com\/wp-content\/uploads\/2022\/12\/alfagen-kurumsal-logo2022.png","contentUrl":"https:\/\/alfagenhayvancilik.com\/wp-content\/uploads\/2022\/12\/alfagen-kurumsal-logo2022.png","width":270,"height":70,"caption":"Alfagen Hayvanc\u0131l\u0131k Ltd. \u015eti."},"image":{"@id":"https:\/\/alfagenhayvancilik.com\/#\/schema\/logo\/image\/"}}]}},"_links":{"self":[{"href":"https:\/\/alfagenhayvancilik.com\/en\/wp-json\/wp\/v2\/pages\/20","targetHints":{"allow":["GET"]}}],"collection":[{"href":"https:\/\/alfagenhayvancilik.com\/en\/wp-json\/wp\/v2\/pages"}],"about":[{"href":"https:\/\/alfagenhayvancilik.com\/en\/wp-json\/wp\/v2\/types\/page"}],"author":[{"embeddable":true,"href":"https:\/\/alfagenhayvancilik.com\/en\/wp-json\/wp\/v2\/users\/1"}],"replies":[{"embeddable":true,"href":"https:\/\/alfagenhayvancilik.com\/en\/wp-json\/wp\/v2\/comments?post=20"}],"version-history":[{"count":15,"href":"https:\/\/alfagenhayvancilik.com\/en\/wp-json\/wp\/v2\/pages\/20\/revisions"}],"predecessor-version":[{"id":1621,"href":"https:\/\/alfagenhayvancilik.com\/en\/wp-json\/wp\/v2\/pages\/20\/revisions\/1621"}],"wp:attachment":[{"href":"https:\/\/alfagenhayvancilik.com\/en\/wp-json\/wp\/v2\/media?parent=20"}],"curies":[{"name":"wp","href":"https:\/\/api.w.org\/{rel}","templated":true}]}}